{"id":71,"date":"2008-03-10T07:06:00","date_gmt":"2008-03-10T06:06:00","guid":{"rendered":"http:\/\/vttescapade.fr\/wp\/?p=5356"},"modified":"2015-08-02T18:28:38","modified_gmt":"2015-08-02T16:28:38","slug":"gruissan-la-clape-par-la-vigie","status":"publish","type":"page","link":"https:\/\/vttescapade.fr\/wp\/gps\/escapades-en-france\/gruissan-et-ses-environs\/gruissan-la-clape-par-la-vigie\/","title":{"rendered":"La Clape par la Vigie"},"content":{"rendered":"<p><a href=\"http:\/\/vttescapade.fr\/wp\/wp-content\/upload\/2008\/03\/GPS_Blue.png\"><img loading=\"lazy\" decoding=\"async\" class=\"alignleft  wp-image-8974\" src=\"http:\/\/vttescapade.fr\/wp\/wp-content\/upload\/2008\/03\/GPS_Blue-128x120.png\" alt=\"GPS_Blue\" width=\"69\" height=\"65\" \/><\/a>Une superbe boucle dans le massif de la Clape par la Vigie et son observatoire. cailloux, sentiers superbes et panoramas \u00e0 souhaits sur la baie de Gruissan et Narbonne Plage !<\/p>\n<p>Gruissan (11)\u00a0\u00a0 24km\u00a0 \/ 500m\u00a0 D+<\/p>\n<strong>Gruissan La Vigie<\/strong> (158) - (T\u00e9l\u00e9chargement soumis \u00e0 abonnement pr\u00e9alable)\n<p><!-- a href=\"http:\/\/vttescapade.fr\/wp\/wp-content\/download\/gpx\/02\/lavigie.gpx\" --><\/p>\n<div style=\"text-align: center; vertical-align: middle; margin: auto;\"><iframe loading=\"lazy\" src=\"http:\/\/www.gpx-view.com\/gpx.php?f=http:\/\/vttescapade.fr\/wp\/wp-content\/download\/gpx\/02\/lavigie.gpx&amp;mw=700\" name=\"GPX-View\" width=\"700\" height=\"600\" frameborder=\"0\" marginwidth=\"0\" marginheight=\"0\" scrolling=\"no\"><\/iframe><\/div>\n","protected":false},"excerpt":{"rendered":"<p>Une superbe boucle dans le massif de la Clape par la Vigie et son observatoire. cailloux, sentiers superbes et panoramas \u00e0 souhaits sur la baie de Gruissan et Narbonne Plage ! Gruissan (11)\u00a0\u00a0 24km\u00a0 \/ 500m\u00a0 D+ <a class=\"continue-reading-link\" href=\"https:\/\/vttescapade.fr\/wp\/gps\/escapades-en-france\/gruissan-et-ses-environs\/gruissan-la-clape-par-la-vigie\/\">Et la suite &#8230;<\/a><\/p>\n","protected":false},"author":2,"featured_media":0,"parent":700,"menu_order":51,"comment_status":"open","ping_status":"open","template":"","meta":{"ngg_post_thumbnail":0,"footnotes":""},"categories":[141,7,157],"tags":[],"class_list":["post-71","page","type-page","status-publish","hentry","category-escapades-en-france","category-gps","category-gpsfrance"],"jetpack_shortlink":"https:\/\/wp.me\/P1xCt8-19","_links":{"self":[{"href":"https:\/\/vttescapade.fr\/wp\/wp-json\/wp\/v2\/pages\/71","targetHints":{"allow":["GET"]}}],"collection":[{"href":"https:\/\/vttescapade.fr\/wp\/wp-json\/wp\/v2\/pages"}],"about":[{"href":"https:\/\/vttescapade.fr\/wp\/wp-json\/wp\/v2\/types\/page"}],"author":[{"embeddable":true,"href":"https:\/\/vttescapade.fr\/wp\/wp-json\/wp\/v2\/users\/2"}],"replies":[{"embeddable":true,"href":"https:\/\/vttescapade.fr\/wp\/wp-json\/wp\/v2\/comments?post=71"}],"version-history":[{"count":0,"href":"https:\/\/vttescapade.fr\/wp\/wp-json\/wp\/v2\/pages\/71\/revisions"}],"up":[{"embeddable":true,"href":"https:\/\/vttescapade.fr\/wp\/wp-json\/wp\/v2\/pages\/700"}],"wp:attachment":[{"href":"https:\/\/vttescapade.fr\/wp\/wp-json\/wp\/v2\/media?parent=71"}],"wp:term":[{"taxonomy":"category","embeddable":true,"href":"https:\/\/vttescapade.fr\/wp\/wp-json\/wp\/v2\/categories?post=71"},{"taxonomy":"post_tag","embeddable":true,"href":"https:\/\/vttescapade.fr\/wp\/wp-json\/wp\/v2\/tags?post=71"}],"curies":[{"name":"wp","href":"https:\/\/api.w.org\/{rel}","templated":true}]}}