{"id":6792,"date":"2012-08-07T08:41:44","date_gmt":"2012-08-07T06:41:44","guid":{"rendered":"http:\/\/vttescapade.fr\/wp\/?page_id=6792"},"modified":"2016-01-05T15:12:45","modified_gmt":"2016-01-05T14:12:45","slug":"du-montana-au-wyoming","status":"publish","type":"page","link":"https:\/\/vttescapade.fr\/wp\/carnets-de-voyage\/bons-plans\/du-montana-au-wyoming\/","title":{"rendered":"Du Montana au Wyoming"},"content":{"rendered":"<p style=\"text-align: justify;\"><a href=\"http:\/\/vttescapade.fr\/wp\/wp-content\/upload\/2012\/08\/montana-wyoming.jpg\"><img loading=\"lazy\" decoding=\"async\" class=\"aligncenter size-full wp-image-6796\" title=\"montana-wyoming\" src=\"http:\/\/vttescapade.fr\/wp\/wp-content\/upload\/2012\/08\/montana-wyoming.jpg\" alt=\"\" width=\"589\" height=\"137\" srcset=\"https:\/\/vttescapade.fr\/wp\/wp-content\/upload\/2012\/08\/montana-wyoming.jpg 589w, https:\/\/vttescapade.fr\/wp\/wp-content\/upload\/2012\/08\/montana-wyoming-300x69.jpg 300w, https:\/\/vttescapade.fr\/wp\/wp-content\/upload\/2012\/08\/montana-wyoming-150x34.jpg 150w, https:\/\/vttescapade.fr\/wp\/wp-content\/upload\/2012\/08\/montana-wyoming-400x93.jpg 400w\" sizes=\"auto, (max-width: 589px) 100vw, 589px\" \/><\/a><span style=\"font-size: 10pt; font-family: verdana, geneva;\">Vous aller me dire que ce n&#8217;est pas tr\u00e8s original de revisiter les states encore cette ann\u00e9e et de vous proposer de nouveau un p\u00e9riple au pays du mountain bike et des grands espaces !<\/span><\/p>\n<p style=\"text-align: justify;\"><span style=\"font-size: 10pt; font-family: verdana, geneva;\">Ben, oui mais profitant d&#8217;une pr\u00e9-rentr\u00e9e scolaire quelque peu particuli\u00e8re, nous voila ce mois d&#8217;aout 2012 embarqu\u00e9s pour une escapade pas des plus touristiques (du moins en apparence) : Destination Missoula dans l&#8217;\u00e9tat du Montana. Au del\u00e0 de l&#8217;universit\u00e9 de Missoula (UM) plutot reput\u00e9e, faut vraiment fouiner sur le web pour partir \u00e0 la d\u00e9couverte de cette r\u00e9gion situ\u00e9e au del\u00e0 des barres rocheuses plein nord ouest \u00e0 quelques 700 km de Seattle. Si le trajet aller s&#8217;annonce \u00e9pique : TLS, CDG, LAX, DEN avant d&#8217;arriver 36h plus tard \u00e0 MSO, sorry\u00a0 Missoula &#8230; le reste du p\u00e9riple nous r\u00e9serve surement de belles surprises malgr\u00e9 la densit\u00e9 des secteurs visit\u00e9s en seulement 10 jours&#8230; Juste avant de boucler les valises, place au programme :<\/span><\/p>\n<table style=\"width: 98%;\" border=\"1\" align=\"center\">\n<tbody>\n<tr>\n<td style=\"text-align: center; border: 1px;\"><span style=\"font-size: 8pt;\">Etape<\/span><\/td>\n<td style=\"text-align: center; border: 1px;\"><span style=\"font-size: 8pt;\">Quand ?<\/span><\/td>\n<td style=\"text-align: center; border: 1px;\"><span style=\"font-size: 8pt;\">A voir &#8211; \u00e0 faire &#8230;<\/span><\/td>\n<td style=\"text-align: center; border: 1px;\"><span style=\"font-size: 8pt;\">Eventuellement &#8230;<\/span><\/td>\n<\/tr>\n<tr>\n<td style=\"text-align: center; border: 1px;\"><span style=\"font-family: verdana, geneva, sans-serif; font-size: 8pt;\">Missoula<br \/>\n<\/span><\/td>\n<td style=\"text-align: center; border: 1px;\"><span style=\"font-family: verdana, geneva, sans-serif; font-size: 8pt;\">13\/08 &#8211; 17\/08<\/span><\/td>\n<td style=\"text-align: center; border: 1px;\"><span style=\"font-family: verdana, geneva, sans-serif; font-size: 8pt;\">Installation Caroline &#8211; universit\u00e9<\/span><\/td>\n<td style=\"text-align: center; border: 1px;\"><span style=\"font-family: verdana, geneva, sans-serif; font-size: 8pt;\">MTB sur Rattlesnake NRA<br \/>\n<\/span><\/td>\n<\/tr>\n<tr>\n<td style=\"text-align: center; border: 1px\"><span style=\"font-family: verdana, geneva, sans-serif; font-size: 8pt;\">West Yellowstone<\/span><\/td>\n<td style=\"text-align: center; border: 1px\"><span style=\"font-family: verdana, geneva, sans-serif; font-size: 8pt;\">17\/08 &#8211; 20\/08<\/span><\/td>\n<td style=\"text-align: center; border: 1px\"><span style=\"font-family: verdana, geneva, sans-serif;  font-size: 8pt;\">Yellowstone<\/span><\/td>\n<td style=\"text-align: center; border: 1px\"><span style=\"font-family: verdana, geneva, sans-serif;  font-size: 8pt;\">MTB Rendez-vous trail<br \/>\n<\/span><\/td>\n<\/tr>\n<tr>\n<td style=\"text-align: center; border: 1px\"><span style=\"font-family: verdana, geneva, sans-serif;  font-size: 8pt;\">Jackson Hole<\/span><\/td>\n<td style=\"text-align: center; border: 1px\"><span style=\"font-family: verdana, geneva, sans-serif; font-size: 8pt;\">20\/08 -21\/08<\/span><\/td>\n<td style=\"text-align: center; border: 1px\"><span style=\"font-family: verdana, geneva, sans-serif; font-size: 8pt;\">Grand Teton National Park, Rodeo Show<\/span><\/td>\n<td style=\"text-align: center; border: 1px\"><span style=\"font-family: verdana, geneva, sans-serif;  font-size: 8pt;\">MTB sur Jackson Hole<br \/>\n<\/span><\/td>\n<\/tr>\n<tr>\n<td style=\"text-align: center; border: 1px\"><span style=\"font-family: verdana, geneva, sans-serif; font-size: 8pt;\">New york<\/span><\/td>\n<td style=\"text-align: center; border: 1px\"><span style=\"font-family: verdana, geneva, sans-serif; font-size: 8pt;\">21\/08-23\/08<\/span><\/td>\n<td style=\"text-align: center; border: 1px\"><span style=\"font-family: verdana, geneva, sans-serif;  font-size: 8pt;\">Times Square, Broadway&#8230;. Manhattan<\/span><\/td>\n<td style=\"text-align: center; border: 1px\"><span style=\"font-family: verdana, geneva, sans-serif;  font-size: 8pt;\">Central Park<\/span><\/td>\n<\/tr>\n<\/tbody>\n<\/table>\n","protected":false},"excerpt":{"rendered":"<p>Vous aller me dire que ce n&#8217;est pas tr\u00e8s original de revisiter les states encore cette ann\u00e9e et de vous proposer de nouveau un p\u00e9riple au pays du mountain bike et des grands espaces ! Ben, oui mais profitant d&#8217;une pr\u00e9-rentr\u00e9e scolaire quelque peu particuli\u00e8re,\u2026 <a class=\"continue-reading-link\" href=\"https:\/\/vttescapade.fr\/wp\/carnets-de-voyage\/bons-plans\/du-montana-au-wyoming\/\">Et la suite &#8230;<\/a><\/p>\n","protected":false},"author":2,"featured_media":0,"parent":433,"menu_order":20120812,"comment_status":"open","ping_status":"open","template":"","meta":{"ngg_post_thumbnail":0,"footnotes":""},"categories":[6],"tags":[],"class_list":["post-6792","page","type-page","status-publish","hentry","category-evenements"],"jetpack_shortlink":"https:\/\/wp.me\/P1xCt8-1Ly","_links":{"self":[{"href":"https:\/\/vttescapade.fr\/wp\/wp-json\/wp\/v2\/pages\/6792","targetHints":{"allow":["GET"]}}],"collection":[{"href":"https:\/\/vttescapade.fr\/wp\/wp-json\/wp\/v2\/pages"}],"about":[{"href":"https:\/\/vttescapade.fr\/wp\/wp-json\/wp\/v2\/types\/page"}],"author":[{"embeddable":true,"href":"https:\/\/vttescapade.fr\/wp\/wp-json\/wp\/v2\/users\/2"}],"replies":[{"embeddable":true,"href":"https:\/\/vttescapade.fr\/wp\/wp-json\/wp\/v2\/comments?post=6792"}],"version-history":[{"count":0,"href":"https:\/\/vttescapade.fr\/wp\/wp-json\/wp\/v2\/pages\/6792\/revisions"}],"up":[{"embeddable":true,"href":"https:\/\/vttescapade.fr\/wp\/wp-json\/wp\/v2\/pages\/433"}],"wp:attachment":[{"href":"https:\/\/vttescapade.fr\/wp\/wp-json\/wp\/v2\/media?parent=6792"}],"wp:term":[{"taxonomy":"category","embeddable":true,"href":"https:\/\/vttescapade.fr\/wp\/wp-json\/wp\/v2\/categories?post=6792"},{"taxonomy":"post_tag","embeddable":true,"href":"https:\/\/vttescapade.fr\/wp\/wp-json\/wp\/v2\/tags?post=6792"}],"curies":[{"name":"wp","href":"https:\/\/api.w.org\/{rel}","templated":true}]}}