{"id":6641,"date":"2012-07-08T11:35:50","date_gmt":"2012-07-08T09:35:50","guid":{"rendered":"http:\/\/vttescapade.fr\/wp\/?page_id=6641"},"modified":"2014-04-15T15:40:01","modified_gmt":"2014-04-15T13:40:01","slug":"passportes-2012","status":"publish","type":"page","link":"https:\/\/vttescapade.fr\/wp\/videos\/videos-dans-lhexagone\/passportes-2012\/","title":{"rendered":"Pass&#8217;Portes du soleil 2012"},"content":{"rendered":"<div style=\"text-align: center; vertical-align: middle; margin: auto;\"><iframe loading=\"lazy\" src=\"\/\/www.youtube.com\/embed\/yddITL0dvr0\" height=\"315\" width=\"560\" allowfullscreen=\"\" frameborder=\"0\"><\/iframe><\/div>\n<table style=\"background-color: #d7c883;\" border=\"0\">\n<tbody>\n<tr>\n<td style=\"text-align: justify; background-color: #2a2727; width: 70%;\"><strong><span style=\"font-size: xx-small;\"><span style=\"font-family: verdana,geneva;\">l&#8217;ambiance en quelques mots &#8230;<\/span><\/span><\/strong><\/td>\n<td style=\"text-align: justify; background-color: #2a2727; width: 70%;\"><strong><span style=\"font-size: xx-small;\"><span style=\"font-family: verdana,geneva;\"><span style=\"font-size: xx-small;\">Localisation<\/span><\/span><\/span><\/strong><\/td>\n<td style=\"text-align: justify; background-color: #2a2727; width: 70%;\"><strong><span style=\"font-size: xx-small;\"><span style=\"font-family: verdana,geneva;\"><span style=\"font-size: xx-small;\"><span style=\"font-family: verdana,geneva;\">Difficult\u00e9<\/span><\/span><\/span><\/span><\/strong><\/td>\n<td style=\"text-align: justify; background-color: #2a2727; width: 70%;\"><strong><span style=\"font-size: xx-small;\"><span style=\"font-family: verdana,geneva;\"><span style=\"font-size: xx-small;\"><span style=\"font-family: verdana,geneva;\">Bonus<\/span><\/span><\/span><\/span><\/strong><\/td>\n<td style=\"text-align: justify; background-color: #2a2727; width: 70%;\"><strong><span style=\"font-size: xx-small;\"><span style=\"font-family: verdana,geneva;\"><span style=\"font-size: xx-small;\"><span style=\"font-family: verdana,geneva;\">Matos <\/span><\/span><\/span><\/span><\/strong><\/td>\n<\/tr>\n<tr>\n<td style=\"text-align: justify; background-color: #2a2727; width: 70%;\"><span style=\"font-size: 8pt; font-family: verdana,geneva;\">La vid\u00e9o de l&#8217;\u00e9dition 2012 des Pass&#8217;Portes \u00e0 Morzine<br \/> <\/span><\/td>\n<td style=\"text-align: justify; background-color: #2a2727; width: 70%;\"><span style=\"font-size: xx-small;\"><span style=\"font-family: verdana,geneva;\"><span style=\"font-size: xx-small;\"><span style=\"font-family: verdana,geneva;\">Morzine (74)<br \/> <\/span><\/span><\/span><\/span><\/td>\n<td style=\"text-align: justify; background-color: #2a2727; width: 70%;\"><span style=\"font-size: xx-small;\"><span style=\"font-family: verdana,geneva;\"><span style=\"color: #ff0000;\"><span style=\"font-size: xx-small;\"><span style=\"font-family: verdana,geneva;\"><span style=\"color: #0000ff;\">++<br \/> <\/span><\/span><\/span><\/span><\/span><\/span><\/td>\n<td style=\"text-align: justify; background-color: #2a2727; width: 70%;\">\u00a0<\/td>\n<td style=\"text-align: justify; background-color: #2a2727; width: 70%;\"><span style=\"font-size: xx-small;\"><span style=\"font-family: verdana,geneva;\">contour HD<\/span><\/span><\/td>\n<\/tr>\n<\/tbody>\n<\/table>\n","protected":false},"excerpt":{"rendered":"<p>l&#8217;ambiance en quelques mots &#8230; Localisation Difficult\u00e9 Bonus Matos La vid\u00e9o de l&#8217;\u00e9dition 2012 des Pass&#8217;Portes \u00e0 Morzine Morzine (74) ++ \u00a0 contour HD <a class=\"continue-reading-link\" href=\"https:\/\/vttescapade.fr\/wp\/videos\/videos-dans-lhexagone\/passportes-2012\/\">Et la suite &#8230;<\/a><\/p>\n","protected":false},"author":2,"featured_media":0,"parent":35,"menu_order":20120701,"comment_status":"open","ping_status":"open","template":"","meta":{"ngg_post_thumbnail":0,"footnotes":""},"categories":[12,14],"tags":[],"class_list":["post-6641","page","type-page","status-publish","hentry","category-video","category-videofrance"],"jetpack_shortlink":"https:\/\/wp.me\/P1xCt8-1J7","_links":{"self":[{"href":"https:\/\/vttescapade.fr\/wp\/wp-json\/wp\/v2\/pages\/6641","targetHints":{"allow":["GET"]}}],"collection":[{"href":"https:\/\/vttescapade.fr\/wp\/wp-json\/wp\/v2\/pages"}],"about":[{"href":"https:\/\/vttescapade.fr\/wp\/wp-json\/wp\/v2\/types\/page"}],"author":[{"embeddable":true,"href":"https:\/\/vttescapade.fr\/wp\/wp-json\/wp\/v2\/users\/2"}],"replies":[{"embeddable":true,"href":"https:\/\/vttescapade.fr\/wp\/wp-json\/wp\/v2\/comments?post=6641"}],"version-history":[{"count":0,"href":"https:\/\/vttescapade.fr\/wp\/wp-json\/wp\/v2\/pages\/6641\/revisions"}],"up":[{"embeddable":true,"href":"https:\/\/vttescapade.fr\/wp\/wp-json\/wp\/v2\/pages\/35"}],"wp:attachment":[{"href":"https:\/\/vttescapade.fr\/wp\/wp-json\/wp\/v2\/media?parent=6641"}],"wp:term":[{"taxonomy":"category","embeddable":true,"href":"https:\/\/vttescapade.fr\/wp\/wp-json\/wp\/v2\/categories?post=6641"},{"taxonomy":"post_tag","embeddable":true,"href":"https:\/\/vttescapade.fr\/wp\/wp-json\/wp\/v2\/tags?post=6641"}],"curies":[{"name":"wp","href":"https:\/\/api.w.org\/{rel}","templated":true}]}}