{"id":325,"date":"2006-10-23T16:36:59","date_gmt":"2006-10-23T14:36:59","guid":{"rendered":"http:\/\/vttescapade.fr\/wp\/?p=5356"},"modified":"2021-07-12T11:40:15","modified_gmt":"2021-07-12T09:40:15","slug":"cornebarrieu-a-bouconne","status":"publish","type":"page","link":"https:\/\/vttescapade.fr\/wp\/videos\/videos-dans-le-coin\/cornebarrieu-a-bouconne\/","title":{"rendered":"Cornebarrieu \u00e0 Bouconne"},"content":{"rendered":"<div style=\"text-align: center; vertical-align: middle; margin: auto;\"><iframe loading=\"lazy\" src=\"\/\/www.youtube.com\/embed\/rmyRmqLuBP4\" allowfullscreen=\"allowfullscreen\" width=\"560\" height=\"315\" frameborder=\"0\"><span style=\"display: inline-block; width: 0px; overflow: hidden; line-height: 0;\" data-mce-type=\"bookmark\" class=\"mce_SELRES_start\">\ufeff<\/span><\/iframe><\/div>\n<table style=\"background-color: #d7c883;\" border=\"0\">\n<tbody>\n<tr>\n<td style=\"background-color: #2a2727; border: 1px solid #2a2727;\"><span style=\"font-size: xx-small; color: #ffffff;\"><span style=\"font-family: verdana,geneva;\">l&#8217;ambiance en quelques mots &#8230;<\/span><\/span><\/td>\n<td style=\"background-color: #2a2727; border: 1px solid #2a2727;\"><span style=\"font-size: xx-small; color: #ffffff;\"><span style=\"font-family: verdana,geneva;\"><span style=\"font-size: xx-small;\">Localisation<\/span><\/span><\/span><\/td>\n<td style=\"background-color: #2a2727; border: 1px solid #2a2727;\"><span style=\"font-size: xx-small; color: #ffffff;\"><span style=\"font-family: verdana,geneva;\"><span style=\"font-size: xx-small;\"><span style=\"font-family: verdana,geneva;\">Difficult\u00e9<\/span><\/span><\/span><\/span><\/td>\n<td style=\"background-color: #2a2727; border: 1px solid #2a2727;\"><span style=\"font-size: xx-small; color: #ffffff;\"><span style=\"font-family: verdana,geneva;\"><span style=\"font-size: xx-small;\"><span style=\"font-family: verdana,geneva;\">Bonus<\/span><\/span><\/span><\/span><\/td>\n<td style=\"background-color: #2a2727; border: 1px solid #2a2727;\"><span style=\"color: #ffffff;\"><span style=\"font-size: xx-small;\"><span style=\"font-family: verdana,geneva;\"><span style=\"font-size: xx-small;\"><span style=\"font-family: verdana,geneva;\">Matos<\/span><\/span><\/span><\/span><\/span><\/td>\n<\/tr>\n<tr>\n<td style=\"background-color: #2a2727; border: 1px solid #2a2727;\"><span style=\"font-size: 8pt; font-family: verdana, geneva; color: #ffcc00;\">S\u00e9quence Vid\u00e9o entre Cornebarieu et Bouconne, sur la trace de la randoblique 2006 . Circuit de reconnaissance avec l&#8217;ASAF.<\/span><\/td>\n<td style=\"background-color: #2a2727; border: 1px solid #2a2727;\"><span style=\"font-size: xx-small; color: #ffcc00;\"><span style=\"font-family: verdana,geneva;\"><span style=\"font-size: xx-small;\"><span style=\"font-family: verdana,geneva;\">Cornebarrieu (31)<\/span><\/span><\/span><\/span><\/td>\n<td style=\"background-color: #2a2727; text-align: center; border: 1px solid #2a2727;\"><span style=\"font-size: xx-small; color: #ffcc00;\"><span style=\"font-family: verdana,geneva;\"><span style=\"font-size: xx-small;\"><span style=\"font-family: verdana,geneva;\"><strong>bleue<\/strong><\/span><\/span><span style=\"font-size: xx-small;\"><span style=\"font-family: verdana,geneva;\"><br \/>\n30 km<br \/>\n300m<\/span><\/span><\/span><\/span><\/td>\n<td style=\"background-color: #2a2727; border: 1px solid #2a2727;\">&nbsp;<\/td>\n<td style=\"background-color: #2a2727; border: 1px solid #2a2727;\"><span style=\"font-size: xx-small;\"><span style=\"font-family: verdana,geneva;\">JVC<br \/>\nCmos<\/span><\/span><\/td>\n<\/tr>\n<\/tbody>\n<\/table>\n","protected":false},"excerpt":{"rendered":"<p>\ufeff l&#8217;ambiance en quelques mots &#8230; Localisation Difficult\u00e9 Bonus Matos S\u00e9quence Vid\u00e9o entre Cornebarieu et Bouconne, sur la trace de la randoblique 2006 . Circuit de reconnaissance avec l&#8217;ASAF. Cornebarrieu (31) bleue 30 km 300m &nbsp; JVC Cmos <a class=\"continue-reading-link\" href=\"https:\/\/vttescapade.fr\/wp\/videos\/videos-dans-le-coin\/cornebarrieu-a-bouconne\/\">Et la suite &#8230;<\/a><\/p>\n","protected":false},"author":2,"featured_media":0,"parent":33,"menu_order":0,"comment_status":"open","ping_status":"open","template":"","meta":{"ngg_post_thumbnail":0,"footnotes":""},"categories":[4,12,15],"tags":[],"class_list":["post-325","page","type-page","status-publish","hentry","category-dans-le-coin","category-video","category-videolocale"],"jetpack_shortlink":"https:\/\/wp.me\/P1xCt8-5f","_links":{"self":[{"href":"https:\/\/vttescapade.fr\/wp\/wp-json\/wp\/v2\/pages\/325","targetHints":{"allow":["GET"]}}],"collection":[{"href":"https:\/\/vttescapade.fr\/wp\/wp-json\/wp\/v2\/pages"}],"about":[{"href":"https:\/\/vttescapade.fr\/wp\/wp-json\/wp\/v2\/types\/page"}],"author":[{"embeddable":true,"href":"https:\/\/vttescapade.fr\/wp\/wp-json\/wp\/v2\/users\/2"}],"replies":[{"embeddable":true,"href":"https:\/\/vttescapade.fr\/wp\/wp-json\/wp\/v2\/comments?post=325"}],"version-history":[{"count":0,"href":"https:\/\/vttescapade.fr\/wp\/wp-json\/wp\/v2\/pages\/325\/revisions"}],"up":[{"embeddable":true,"href":"https:\/\/vttescapade.fr\/wp\/wp-json\/wp\/v2\/pages\/33"}],"wp:attachment":[{"href":"https:\/\/vttescapade.fr\/wp\/wp-json\/wp\/v2\/media?parent=325"}],"wp:term":[{"taxonomy":"category","embeddable":true,"href":"https:\/\/vttescapade.fr\/wp\/wp-json\/wp\/v2\/categories?post=325"},{"taxonomy":"post_tag","embeddable":true,"href":"https:\/\/vttescapade.fr\/wp\/wp-json\/wp\/v2\/tags?post=325"}],"curies":[{"name":"wp","href":"https:\/\/api.w.org\/{rel}","templated":true}]}}