{"id":27,"date":"2008-01-24T06:31:44","date_gmt":"2008-01-24T05:31:44","guid":{"rendered":"http:\/\/vttescapade.fr\/wp\/?p=5356"},"modified":"2010-10-20T12:42:06","modified_gmt":"2010-10-20T11:42:06","slug":"materiel-video","status":"publish","type":"page","link":"https:\/\/vttescapade.fr\/wp\/matos\/materiel-video\/","title":{"rendered":"Mat\u00e9riel vid\u00e9o"},"content":{"rendered":"<p style=\"text-align: justify;\"><span style=\"font-size: 8pt; font-family: verdana,geneva\">Apr\u00e8s de multiples essais, le constat est clair: filmez tout en\u00a0profitant pleinement des escapades en tant que v\u00e9t\u00e9tiste parait essentiel. Il est exclu pour moi de passer pour uniquement un cam\u00e9raman et de n&#8217;\u00eatre que le spectateur\u00a0de\u00a0ces instants magiques de cascades, passages in\u00e9dits,&#8230; L&#8217;enregistrement se doit d&#8217;\u00eatre pratiquement en continu sous un ou plusieurs angles qu&#8217;il sera, apr\u00e8s, facile de monter et de compiler. C&#8217;est donc bien de l&#8217;int\u00e9rieur de l&#8217;action et des trips que je con\u00e7ois les prises\u00a0vid\u00e9o de mes escapa<\/span><span style=\"font-size: 8pt; font-family: verdana,geneva\">des !<\/span><\/p>\n<p><span style=\"font-size: 8pt; font-family: verdana,geneva\"><span style=\"font-size: 10pt; font-family: verdana,geneva\"><strong>La Cam\u00e9ra<\/strong><\/span><\/span><\/p>\n<p><a title=\"camera-recul.jpg\" href=\"http:\/\/vttescapade.fr\/wp\/wp-content\/upload\/2008\/06\/camera-recul.jpg\"><span style=\"font-size: 8pt; font-family: verdana,geneva;\"><img loading=\"lazy\" decoding=\"async\" class=\"alignleft\" src=\"http:\/\/vttescapade.fr\/wp\/wp-content\/upload\/2008\/06\/camera-recul.jpg\" alt=\"camera-recul.jpg\" width=\"136\" height=\"102\" \/><\/span><\/a><span style=\"font-size: 8pt; font-family: verdana,geneva\">Apr\u00e8s avoir tent\u00e9 de filmer quelques s\u00e9quences avec un APN en mode vid\u00e9o, je suis vite pass\u00e9 \u00e0 l&#8217;installation d&#8217;une cam\u00e9ra d\u00e9port\u00e9e sur mon casque. <\/span><\/p>\n<p><span style=\"font-size: 8pt; font-family: verdana,geneva\">Dans un premier temps, j&#8217;ai achet\u00e9 une petite cam\u00e9ra Cmos de recul sur Ebay. Avantage : faible prix 30 euros, faible consommation. Inconv\u00e9nients :\u00a0sensible aux \u00e9carts de luminosit\u00e9s , contrejours, cr\u00e9puscule et surtout restitution d&#8217;une image invers\u00e9e , ce qui n\u00e9cessite des manipulations informatiques suppl\u00e9mentaires&#8230; voila la b\u00eate initiale :<\/span><\/p>\n<p style=\"text-align: justify;\"><span style=\"font-size: 8pt; font-family: verdana,geneva\">Apr\u00e8s diverses recherches sur le web, je suis tomb\u00e9 sur des sites sp\u00e9cialis\u00e9s sur la vid\u00e9o sportive automobile au parapente en passant par le ski et le VTT&#8230;.\u00a0 bref, l&#8217;orientation est radicalement diff\u00e9rente: cam\u00e9ras paluches d\u00e9riv\u00e9es des premi\u00e8res exp\u00e9riences de la F1 et d&#8217;\u00e9missions professionnelles, syst\u00e8mes d&#8217;enregistrements sur cam\u00e9scopes miniDV voire \u00e0 disques dur.<\/span><\/p>\n<p><span style=\"font-size: 8pt; font-family: verdana,geneva\"><a title=\"bulletcam.jpg\" href=\"http:\/\/vttescapade.fr\/wp\/wp-content\/upload\/2009\/01\/bulletcam.jpg\"><img loading=\"lazy\" decoding=\"async\" class=\"alignleft\" src=\"http:\/\/vttescapade.fr\/wp\/wp-content\/upload\/2009\/01\/bulletcam.jpg\" alt=\"bulletcam.jpg\" width=\"300\" height=\"230\" \/><\/a> <\/span><\/p>\n<p style=\"text-align: justify;\"><span style=\"font-size: 8pt; font-family: verdana,geneva\">Ainsi, j&#8217;ai opt\u00e9 pour une cam\u00e9ra Sony 520 lignes connect\u00e9e sur un cam\u00e9scope JVC en entr\u00e9e audio AV in.\u00a0La qualit\u00e9 d&#8217;images n&#8217;a rien \u00e0 voir et la cam\u00e9ra s&#8217;adapte tr\u00e8s bien aux \u00e9carts de lumi\u00e8res et contre-jours m\u00eame dans des situations extr\u00eames comme sous les tropiques en conditions particuli\u00e8res : entre forts taux d&#8217;humidit\u00e9s et chaleurs au del\u00e0 de 45 degr\u00e9s &#8230;. Seule ombre au tableau, le tournage est toujours en continu, mon cam\u00e9scope n&#8217;\u00e9tant pas \u00e9quip\u00e9 de la fameuse prise de t\u00e9l\u00e9commande LANC qui permet d&#8217;ajuster l&#8217;enregistrement facilement depuis le poste de pilotage&#8230;. dommage !<\/span><\/p>\n<p><span style=\"font-size: 8pt; font-family: verdana,geneva\">Dans ces conditions, le cam\u00e9scope est install\u00e9 dans une sacoche banane, me permettant d&#8217;ajuster, de contr\u00f4ler \u00a0et de couper le films lors des arr\u00eats ravitaillos&#8230; uniquement , bien sur !<\/span><\/p>\n<p><span style=\"font-size: 8pt; font-family: verdana,geneva\">N&#8217;\u00e9tant jamais satisfait pleinement de mon \u00e9quipement et le cam\u00e9scope fragilis\u00e9 mena\u00e7ant de tomber en panne&#8230;, \u00a0j&#8217;ai opt\u00e9\u00a0pour un second type d&#8217;enregistrement compl\u00e9mentaire afin de filmer d&#8217;un autre angle ou tout simplement vers l&#8217;arri\u00e8re ou il se passe toujours quelque chose surtout quand c&#8217;est moi qui ouvre la voie &#8230;.<\/span><\/p>\n<p style=\"text-align: justify;\">\n<p><span style=\"font-size: 8pt; font-family: verdana,geneva\"><a title=\"pack_archos.jpg\" href=\"http:\/\/vttescapade.fr\/wp\/wp-content\/upload\/2009\/01\/pack_archos.jpg\"><img loading=\"lazy\" decoding=\"async\" class=\"alignright\" src=\"http:\/\/vttescapade.fr\/wp\/wp-content\/upload\/2009\/01\/pack_archos.jpg\" alt=\"pack_archos.jpg\" width=\"269\" height=\"202\" \/><\/a><\/span><\/p>\n<p style=\"text-align: justify;\"><span style=\"font-size: 8pt; font-family: verdana,geneva\">Pour cela, j&#8217;ai d\u00e9nich\u00e9 sur Ebay une cam\u00e9ra paluche Archos connect\u00e9e sur un archos 705 stockant l&#8217;enregistrement compress\u00e9 sur carte SD.\u00a0Le mat\u00e9riel est plus l\u00e9ger, facile de mise en \u0153uvre, moins fragile. Inconv\u00e9nients : l&#8217;autonomie de l&#8217;Archos 2heures grand max\u00a0et le passage en veille lors d&#8217;une interruption trop longue d&#8217;enregistrement qui n\u00e9cessite de ressortir l&#8217;Archos de sa poche &#8230;. Sinon, l&#8217;image est exploitable directement d&#8217;un format et \u00a0compression acceptable bien qu&#8217;inf\u00e9rieure au miniDV.. <\/span><\/p>\n<p><span style=\"font-size: 8pt; font-family: verdana,geneva\"><a title=\"pack_archos.jpg\" href=\"http:\/\/vttescapade.fr\/wp\/wp-content\/upload\/2009\/01\/pack_archos.jpg\"><br \/>\n<\/a><\/span><\/p>\n<p><span style=\"font-size: 8pt; font-family: verdana,geneva\">Il existe encore bien d&#8217;autres solutions sur le march\u00e9 sans parler de la r\u00e9f\u00e9rence en la mati\u00e8re depuis un certain temps: le PIO POV1.5 connu pour sa qualit\u00e9 et sa fiabilit\u00e9 mais qui reste d&#8217;un co\u00fbt assez disuasif (600 euros environ &#8230;).<\/span><\/p>\n<p><span style=\"font-size: 8pt; font-family: verdana,geneva\"><br \/>\n<\/span><\/p>\n<p><span style=\"font-family: verdana; font-size: 11px;\"><span style=\"font-family: Georgia; font-size: medium;\"><span><a href=\"http:\/\/vttescapade.fr\/wp\/wp-content\/upload\/2008\/01\/ContourHD1.jpg\"><img loading=\"lazy\" decoding=\"async\" class=\"size-medium wp-image-1685 alignleft\" title=\"ContourHD\" src=\"http:\/\/vttescapade.fr\/wp\/wp-content\/upload\/2008\/01\/ContourHD1-300x235.jpg\" alt=\"ContourHD\" width=\"300\" height=\"235\" srcset=\"https:\/\/vttescapade.fr\/wp\/wp-content\/upload\/2008\/01\/ContourHD1-300x235.jpg 300w, https:\/\/vttescapade.fr\/wp\/wp-content\/upload\/2008\/01\/ContourHD1.jpg 504w\" sizes=\"auto, (max-width: 300px) 100vw, 300px\" \/><\/a><\/span><\/span> <\/span><\/p>\n<p><span style=\"font-family: verdana; font-size: 11px;\">Enfin, je me suis dot\u00e9 r\u00e9cemment d&#8217;une toute premi\u00e8re solution HD autonome de chez\u00a0<a href=\"http:\/\/www.vholdr.com\/\">www.vholdr.com<\/a>&#8230;. <\/span><\/p>\n<p><span style=\"font-size: 8pt; font-family: verdana,geneva\">Test\u00e9e pendant le p\u00e9riple aux US , je confirme , c&#8217;est de la balle !!! regardez plut\u00f4t le film sur Moab et Hazzard county &#8230;<\/span><\/p>\n<p><span style=\"font-size: 8pt; font-family: verdana,geneva\"><br \/>\nSeul le syst\u00e8me de fixation peut \u00eatre am\u00e9lior\u00e9, pour ce qui est du rendu, de la facilit\u00e9e d&#8217;utilisation, rien \u00e0 dire. \u00a0Enfin, le format vid\u00e9o directement transposable est facile de traitement tout en pr\u00e9servant une qualit\u00e9 tip top !<\/span><\/p>\n<p><span style=\"font-size: 8pt; font-family: verdana,geneva\">Disposer d&#8217;une paluche compl\u00e9tement autonome et de qualit\u00e9 simplifie quand m\u00eame grandement la vie de v\u00e9t\u00e9tiste qui n&#8217;a plus qu&#8217;a se concentrer sur son pilotage et le pur plaisir de ramener de belles images , le fun quoi !<\/span><\/p>\n<p><span style=\"font-size: 8pt; font-family: verdana,geneva\">De nouveaux mod\u00e8les arrivent aussi sur le march\u00e9 La contour HD 1080 et la camera HD de Gpro&#8230; et son syst\u00e8me de fixation novateur ! Bref que de belles vid\u00e9os en perspective &#8230;<br \/>\n<\/span><\/p>\n<p><span style=\"font-size: 8pt; font-family: verdana,geneva\">\u00a0<\/span><\/p>\n<p><span style=\"font-size: 8pt; font-family: verdana,geneva\">\u00a0<\/span><\/p>\n<p><span style=\"font-size: 8pt; font-family: verdana,geneva\">\u00a0<\/span><\/p>\n<p align=\"justify\"><span><span style=\"font-size: 8pt; font-family: verdana,geneva\"><strong>l&#8217;enregistrement :<\/strong><\/span><\/span><\/p>\n<p align=\"justify\"><span style=\"font-size: 8pt; font-family: verdana,geneva\">Comme explicit\u00e9 plus haut, tout d\u00e9pend de la solution et du type de cam\u00e9ra (sans revenir sur le cas particulier de la cam\u00e9ra HD Contour autonome), le constat est \u00e9vident :<\/span><\/p>\n<p align=\"justify\"><span style=\"font-size: 8pt; font-family: verdana,geneva\">Le cam\u00e9scope format miniDV produit un enregistrement optimal non compress\u00e9 donc sans pertes.<\/span><\/p>\n<p align=\"justify\"><span style=\"font-size: 8pt; font-family: verdana,geneva\">L&#8217;archos produit un enregistrement compress\u00e9 de type mp4 mais sans trop de d\u00e9gradation donc avec un rendu qui reste acceptable.<\/span><\/p>\n<p align=\"justify\"><span style=\"font-size: 8pt; font-family: verdana,geneva\">D&#8217;autres enregistreurs test\u00e9s (les Aiptek , Oregon &#8230; par exemple) utilisent\u00a0aussi des algos de compression propri\u00e9taires et bien souvent d\u00e9cevants.<\/span><\/p>\n<p align=\"justify\"><span style=\"font-size: 8pt; font-family: verdana,geneva\">Ce point reste crucial, \u00e0 mon avis car Il est important de disposer d&#8217;une image de base enregistr\u00e9e au format au moins de 640*480 afin de publier sur le web, des vid\u00e9os suffisamment pr\u00e9cises et piqu\u00e9es qui donnent envie&#8230;<\/span><\/p>\n<p align=\"justify\"><span><span style=\"font-size: 8pt; font-family: verdana,geneva\"><strong>Restitution \/ Montage :<\/strong><\/span><\/span><\/p>\n<p style=\"text-align: justify;\"><span style=\"font-size: 8pt; font-family: verdana,geneva\">Bien que la qualit\u00e9 et le rendu des films enregistr\u00e9s soient essentiels, l&#8217;op\u00e9ration qui consiste \u00e0 monter le film et le diffuser sur le web ou tout autre support ne doit pas \u00eatre n\u00e9glig\u00e9. De nombreux outils et stations de montages existent. De Adobe Premi\u00e8re \u00e0 Pinacle Studio en passant par les outils Microsoft, il existe une panoplie tr\u00e8s riche de logiciels plus performants les uns que les autres. Couper et bien choisir les s\u00e9quences, s\u00e9lectionner une bande son adapt\u00e9e, le titrage &#8230; demandent ainsi une bonne maitrise des outils et surtout de la patience et du temps &#8230;.<\/span><\/p>\n<p style=\"text-align: justify;\"><span style=\"font-size: 8pt; font-family: verdana,geneva\">Quand au format de sortie du film final, il s&#8217;agit bien d&#8217;une question de fond toujours en d\u00e9bat. Actuellement, le format Flash (Flv) fait plut\u00f4t l&#8217;unanimit\u00e9 dans ce domaine mais ce format n&#8217;est pas forc\u00e9ment un gage de qualit\u00e9. Il faut donc veiller \u00e0 pr\u00e9server un \u00e9chantillonnage et un calibrage pr\u00e9cis en utilisant les bons outils et drivers pour disposer en final d&#8217;une restitution\u00a0&#8220;tip-top&#8221;. De mon point de vue, une des r\u00e9f\u00e9rences en la mati\u00e8re s&#8217;affiche sur le site &#8220;l<a href=\"http:\/\/www.lesbobinesduchat.fr\/\" target=\"_blank\">es bobines du chat<\/a>&#8221; ou vous serrez bluff\u00e9s par\u00a0les films de grande qualit\u00e9 et au format Flv, du vrai travail de pro!<\/span><\/p>\n<p align=\"justify\"><span style=\"font-size: 8pt; font-family: verdana,geneva\">\u00a0<\/span><\/p>\n<p align=\"justify\"><span style=\"font-size: 8pt; font-family: verdana,geneva\"><strong><span style=\"font-size: 8pt; font-family: verdana,geneva\">Accessoires<\/span> &#8230;..<\/strong> <\/span><\/p>\n","protected":false},"excerpt":{"rendered":"<p>Apr\u00e8s de multiples essais, le constat est clair: filmez tout en\u00a0profitant pleinement des escapades en tant que v\u00e9t\u00e9tiste parait essentiel. Il est exclu pour moi de passer pour uniquement un cam\u00e9raman et de n&#8217;\u00eatre que le spectateur\u00a0de\u00a0ces instants magiques de cascades, passages in\u00e9dits,&#8230; L&#8217;enregistrement se\u2026 <a class=\"continue-reading-link\" href=\"https:\/\/vttescapade.fr\/wp\/matos\/materiel-video\/\">Et la suite &#8230;<\/a><\/p>\n","protected":false},"author":2,"featured_media":0,"parent":26,"menu_order":0,"comment_status":"open","ping_status":"open","template":"","meta":{"ngg_post_thumbnail":0,"footnotes":""},"categories":[9],"tags":[],"class_list":["post-27","page","type-page","status-publish","hentry","category-non-classe"],"jetpack_shortlink":"https:\/\/wp.me\/P1xCt8-r","_links":{"self":[{"href":"https:\/\/vttescapade.fr\/wp\/wp-json\/wp\/v2\/pages\/27","targetHints":{"allow":["GET"]}}],"collection":[{"href":"https:\/\/vttescapade.fr\/wp\/wp-json\/wp\/v2\/pages"}],"about":[{"href":"https:\/\/vttescapade.fr\/wp\/wp-json\/wp\/v2\/types\/page"}],"author":[{"embeddable":true,"href":"https:\/\/vttescapade.fr\/wp\/wp-json\/wp\/v2\/users\/2"}],"replies":[{"embeddable":true,"href":"https:\/\/vttescapade.fr\/wp\/wp-json\/wp\/v2\/comments?post=27"}],"version-history":[{"count":0,"href":"https:\/\/vttescapade.fr\/wp\/wp-json\/wp\/v2\/pages\/27\/revisions"}],"up":[{"embeddable":true,"href":"https:\/\/vttescapade.fr\/wp\/wp-json\/wp\/v2\/pages\/26"}],"wp:attachment":[{"href":"https:\/\/vttescapade.fr\/wp\/wp-json\/wp\/v2\/media?parent=27"}],"wp:term":[{"taxonomy":"category","embeddable":true,"href":"https:\/\/vttescapade.fr\/wp\/wp-json\/wp\/v2\/categories?post=27"},{"taxonomy":"post_tag","embeddable":true,"href":"https:\/\/vttescapade.fr\/wp\/wp-json\/wp\/v2\/tags?post=27"}],"curies":[{"name":"wp","href":"https:\/\/api.w.org\/{rel}","templated":true}]}}