{"id":260,"date":"2008-09-07T14:34:27","date_gmt":"2008-09-07T13:34:27","guid":{"rendered":"http:\/\/vttescapade.fr\/wp\/?p=5356"},"modified":"2017-01-16T10:18:11","modified_gmt":"2017-01-16T09:18:11","slug":"blagnac-caouecs-2006-2","status":"publish","type":"page","link":"https:\/\/vttescapade.fr\/wp\/gps\/dans-le-coin\/au-nord-de-toulouse\/blagnac-caouecs-2006-2\/","title":{"rendered":"Blagnac &#8211; Caouecs 2007"},"content":{"rendered":"<p><a href=\"http:\/\/vttescapade.fr\/wp\/wp-content\/upload\/2008\/10\/GPS_Green.png\"><img loading=\"lazy\" decoding=\"async\" class=\"alignleft  wp-image-8980\" src=\"http:\/\/vttescapade.fr\/wp\/wp-content\/upload\/2008\/10\/GPS_Green-128x120.png\" alt=\"GPS_Green\" width=\"57\" height=\"53\"><\/a>La rando des caouecs \u00e0 Blagnac \u00e9dition 2007. De l&#8217;IGG \u00e0 Bouconne pour du tr\u00e8s roulant sans difficult\u00e9s qui change pour l&#8217;habituel parcours vers les bords de Garonne.&nbsp;<\/p>\n<p>Blagnac (31) &nbsp; &nbsp; 41km \/ 300m D+<\/p>\n<strong>Blagnac Les Caouecs 07<\/strong> (32) - (T\u00e9l\u00e9chargement soumis \u00e0 abonnement pr\u00e9alable)\n<p><!-- a href=\"http:\/\/vttescapade.fr\/wp\/wp-content\/download\/gpx\/01\/caouecs07.gpx\" --><\/p>\n<div style=\"text-align: center; vertical-align: middle; margin: auto;\"><iframe loading=\"lazy\" src=\"http:\/\/www.gpx-view.com\/gpx.php?f=http:\/\/vttescapade.fr\/wp\/wp-content\/download\/gpx\/01\/caouecs07.gpx&amp;mw=700\" name=\"GPX-View\" width=\"700\" height=\"600\" frameborder=\"0\" marginwidth=\"0\" marginheight=\"0\" scrolling=\"no\"><\/iframe><br \/>\n<span style=\"font-size: xx-small;\">L\u2019usage de FireFox est recommand\u00e9 pour l\u2019affichage sous GeoPortail.<\/span><\/div>\n","protected":false},"excerpt":{"rendered":"<p>La rando des caouecs \u00e0 Blagnac \u00e9dition 2007. De l&#8217;IGG \u00e0 Bouconne pour du tr\u00e8s roulant sans difficult\u00e9s qui change pour l&#8217;habituel parcours vers les bords de Garonne.&nbsp; Blagnac (31) &nbsp; &nbsp; 41km \/ 300m D+ L\u2019usage de FireFox est recommand\u00e9 pour l\u2019affichage sous GeoPortail. <a class=\"continue-reading-link\" href=\"https:\/\/vttescapade.fr\/wp\/gps\/dans-le-coin\/au-nord-de-toulouse\/blagnac-caouecs-2006-2\/\">Et la suite &#8230;<\/a><\/p>\n","protected":false},"author":2,"featured_media":0,"parent":902,"menu_order":0,"comment_status":"open","ping_status":"open","template":"","meta":{"ngg_post_thumbnail":0,"footnotes":""},"categories":[4,7,148],"tags":[],"class_list":["post-260","page","type-page","status-publish","hentry","category-dans-le-coin","category-gps","category-gpslocal"],"jetpack_shortlink":"https:\/\/wp.me\/P1xCt8-4c","_links":{"self":[{"href":"https:\/\/vttescapade.fr\/wp\/wp-json\/wp\/v2\/pages\/260","targetHints":{"allow":["GET"]}}],"collection":[{"href":"https:\/\/vttescapade.fr\/wp\/wp-json\/wp\/v2\/pages"}],"about":[{"href":"https:\/\/vttescapade.fr\/wp\/wp-json\/wp\/v2\/types\/page"}],"author":[{"embeddable":true,"href":"https:\/\/vttescapade.fr\/wp\/wp-json\/wp\/v2\/users\/2"}],"replies":[{"embeddable":true,"href":"https:\/\/vttescapade.fr\/wp\/wp-json\/wp\/v2\/comments?post=260"}],"version-history":[{"count":0,"href":"https:\/\/vttescapade.fr\/wp\/wp-json\/wp\/v2\/pages\/260\/revisions"}],"up":[{"embeddable":true,"href":"https:\/\/vttescapade.fr\/wp\/wp-json\/wp\/v2\/pages\/902"}],"wp:attachment":[{"href":"https:\/\/vttescapade.fr\/wp\/wp-json\/wp\/v2\/media?parent=260"}],"wp:term":[{"taxonomy":"category","embeddable":true,"href":"https:\/\/vttescapade.fr\/wp\/wp-json\/wp\/v2\/categories?post=260"},{"taxonomy":"post_tag","embeddable":true,"href":"https:\/\/vttescapade.fr\/wp\/wp-json\/wp\/v2\/tags?post=260"}],"curies":[{"name":"wp","href":"https:\/\/api.w.org\/{rel}","templated":true}]}}