{"id":24,"date":"2008-01-23T08:49:10","date_gmt":"2008-01-23T07:49:10","guid":{"rendered":"http:\/\/vttescapade.fr\/wp\/?p=5356"},"modified":"2014-03-14T09:12:41","modified_gmt":"2014-03-14T08:12:41","slug":"trips-dom-tom","status":"publish","type":"page","link":"https:\/\/vttescapade.fr\/wp\/gps\/trips-dom-tom\/","title":{"rendered":"Trips DOM TOM"},"content":{"rendered":"<p><a href=\"http:\/\/vttescapade.fr\/wp\/wp-content\/upload\/2008\/01\/vttescapadeGps.jpg\"><img loading=\"lazy\" decoding=\"async\" class=\"size-medium wp-image-2515 alignleft\" title=\"vttescapadeGps\" alt=\"vttescapadeGps\" src=\"http:\/\/vttescapade.fr\/wp\/wp-content\/upload\/2008\/01\/vttescapadeGps-300x97.jpg\" width=\"300\" height=\"97\" srcset=\"https:\/\/vttescapade.fr\/wp\/wp-content\/upload\/2008\/01\/vttescapadeGps-300x97.jpg 300w, https:\/\/vttescapade.fr\/wp\/wp-content\/upload\/2008\/01\/vttescapadeGps-1024x333.jpg 1024w, https:\/\/vttescapade.fr\/wp\/wp-content\/upload\/2008\/01\/vttescapadeGps.jpg 1650w\" sizes=\"auto, (max-width: 300px) 100vw, 300px\" \/><\/a><span style=\"font-size: xx-small;\"><span style=\"font-family: verdana,geneva;\">De belles traces dans les Iles entre Champ de cannes \u00e0 sucre, bananeraies et anses sauvages. <\/span><\/span><\/p>\n<p><span style=\"font-size: xx-small;\"><span style=\"font-family: verdana,geneva;\"> Soleil de plomb, temp\u00e9ratures hors normes pour des panoramas et des ambiances indescriptibles. Souvent accompagn\u00e9s de locaux, ces parcours sont magiques &#8230;.\u00a0\u00a0 \u00e0 consommer sans mod\u00e9rations !!!<\/span><\/span><\/p>\n<p><span style=\"font-size: xx-small;\"><span style=\"font-family: verdana,geneva;\"><br \/> <\/span><\/span><\/p>\n\r\n            <style type=\"text\/css\">\r\n            #easy2map_canvas_11 img {\r\n                max-width: none !important;\r\n                border-radius: 0px !important;\r\n                box-shadow: 0 0 0 transparent !important;\r\n            } \r\n            \r\n            #tdMap{\r\n                 border-top: 0px solid #ddd !important;\r\n            }\r\n            \r\n            #tdPinList{\r\n                 border-top: 0px solid #ddd !important;\r\n            }\r\n\r\n            #easy2map_canvas_11 table,td {\r\n              margin: -1.5em 0 !important;\r\n              padding: 0px !important;\r\n            }\r\n            #tblEasy2MapPinList td, tr{border-width:0px;}\r\n            #tblEasy2MapPinList td{padding:3px !important;}\r\n            #tblEasy2MapPinList{border-width:0px;}\r\n            #tblEasy2MapPinList img {max-width: none !important;border-radius: 0px !important;border-width:0px;box-shadow: 0 0 0 transparent !important;}\r\n            \r\n            #tblEasy2MapPinList1 td, tr{border-width:0px;}\r\n            #tblEasy2MapPinList1 td{padding:3px !important;}\r\n            #tblEasy2MapPinList1{border-width:0px;}\r\n            #tblEasy2MapPinList1 img {max-width: none !important;border-radius: 0px !important;border-width:0px;box-shadow: 0 0 0 transparent !important;}\r\n            \r\n            #tblEasy2MapPinList2 td, tr{border-width:0px;}\r\n            #tblEasy2MapPinList2 td{padding:3px !important;}\r\n            #tblEasy2MapPinList2{border-width:0px;}\r\n            #tblEasy2MapPinList2 img {max-width: none !important;border-radius: 0px !important;border-width:0px;box-shadow: 0 0 0 transparent !important;}\r\n            \r\n            #tblEasy2MapPinList3 td, tr{border-width:0px;}\r\n            #tblEasy2MapPinList3 td{padding:3px !important;}\r\n            #tblEasy2MapPinList3{border-width:0px;}\r\n            #tblEasy2MapPinList3 img {max-width: none !important;border-radius: 0px !important;border-width:0px;box-shadow: 0 0 0 transparent !important;}\r\n            \r\n            #tblEasy2MapPinList4 td, tr{border-width:0px;}\r\n            #tblEasy2MapPinList4 td{padding:3px !important;}\r\n            #tblEasy2MapPinList4{border-width:0px;}\r\n            #tblEasy2MapPinList4 img {max-width: none !important;border-radius: 0px !important;border-width:0px;box-shadow: 0 0 0 transparent !important;}\r\n            \r\n\r\n            #ulEasy2MapPinList li{\r\n                border-width:0px;\r\n                padding:3px !important;\r\n            }\r\n\r\n            #ulEasy2MapPinList{\r\n                border-width:0px;\r\n            }\r\n            \r\n             #ulEasy2MapPinList img {\r\n                max-width: none !important;\r\n                border-radius: 0px !important;\r\n                border-width:0px;\r\n                box-shadow: 0 0 0 transparent !important;\r\n            }\r\n            \r\n            #ulEasy2MapPinList table, td, tr{\r\n                border-width:0px;\r\n            }\r\n            #ulEasy2MapPinList td{\r\n                padding:3px !important;\r\n            }\r\n            #ulEasy2MapPinList td{\r\n                border-width:0px;\r\n            }\r\n            \r\n            #easy2mapIimgShadow{\r\n            max-width: none !important;\r\n                border-radius: 0px !important;\r\n                border-width:0px;\r\n                box-shadow: 0 0 0 transparent !important;\r\n            }\r\n\r\n            <\/style><input type=\"hidden\" id=\"easy2map_ajax_url_11\" value=\"https:\/\/vttescapade.fr\/wp\/wp-admin\/admin-ajax.php\"><div style=\"margin:auto;\"><table style=\"background-color: rgb(255, 255, 255); border-style: solid; border-width: 1px; border-color: rgb(235, 235, 235); width: 700px; height: 400px; margin-left: auto; margin-right: auto;\" id=\"easy2map_canvas_11Parent\" cellpadding=\"1\" cellspacing=\"1\"><tbody><tr><td id=\"tdMap\" editable=\"0\" style=\"vertical-align:top;\"><div id=\"easy2map_canvas_11\" style=\"background-color: rgb(235, 235, 235); border-style: solid; border-width: 1px; border-color: transparent; top: 0px; left: 0px; min-width: 10px; margin: 5px; position: relative; height: 400px; overflow: hidden;\"><\/div><\/td><\/tr><\/tbody><\/table><\/div>\n<p><span style=\"font-size: 8pt; font-family: verdana,geneva;\">\n<!-- Page-list plugin v.5.7 wordpress.org\/plugins\/page-list\/ -->\n<div class=\"page-list page-list-ext \">\n<div class=\"page-list-ext-item\"><div class=\"page-list-ext-image\"><a href=\"https:\/\/vttescapade.fr\/wp\/gps\/trips-dom-tom\/de-creve-coeur-aux-salines-972\/\" title=\"De Cr\u00e8ve Coeur aux Salines\"><img decoding=\"async\" src=\"http:\/\/vttescapade.fr\/wp\/wp-content\/upload\/2008\/09\/GPS_Orange-128x120.png\" width=\"50\" alt=\"De Cr\u00e8ve Coeur aux Salines\" \/><\/a><\/div> <h3 class=\"page-list-ext-title\"><a href=\"https:\/\/vttescapade.fr\/wp\/gps\/trips-dom-tom\/de-creve-coeur-aux-salines-972\/\" title=\"De Cr\u00e8ve Coeur aux Salines\">De Cr\u00e8ve Coeur aux Salines<\/a><\/h3><div class=\"page-list-ext-item-content\"> Superbe rando avec les amis du club ECL du Lamentin sur le sud de l'ile. St Anne, piton de Creve Coeur puis la baie des Anglais avant de retrouver la trace des caps et les Salines. Du tr\u00e8s beau sous les cocotiers et les aliz\u00e9s !! \r\nSt Anne (972)\u00a0\u00a0\u00a0\u00a0 29km ...<\/div><\/div>\n<div class=\"page-list-ext-item\"><div class=\"page-list-ext-image\"><a href=\"https:\/\/vttescapade.fr\/wp\/gps\/trips-dom-tom\/de-petit-bourg-a-sainte-luce-972\/\" title=\"De Petit-Bourg \u00e0 Sainte Luce\"><img decoding=\"async\" src=\"http:\/\/vttescapade.fr\/wp\/wp-content\/upload\/2008\/09\/GPS_Orange-128x120.png\" width=\"50\" alt=\"De Petit-Bourg \u00e0 Sainte Luce\" \/><\/a><\/div> <h3 class=\"page-list-ext-title\"><a href=\"https:\/\/vttescapade.fr\/wp\/gps\/trips-dom-tom\/de-petit-bourg-a-sainte-luce-972\/\" title=\"De Petit-Bourg \u00e0 Sainte Luce\">De Petit-Bourg \u00e0 Sainte Luce<\/a><\/h3><div class=\"page-list-ext-item-content\"> Une fin d'ann\u00e9e 2007 termin\u00e9e en beaut\u00e9 pour cette randonn\u00e9e particuli\u00e8rement intense et compl\u00e8te. champs de cannes \u00e0 sucre, portions de petites routes en plein coeur de l'ile, belles bosses, tour des Anses de St Luce \u00e0 3 Rivi\u00e8res, retour par Rivi\u00e8re ...<\/div><\/div>\n<div class=\"page-list-ext-item\"><div class=\"page-list-ext-image\"><a href=\"https:\/\/vttescapade.fr\/wp\/gps\/trips-dom-tom\/le-lamentin-entre-sucre-et-bananes\/\" title=\"Entre sucre et bananes\"><img decoding=\"async\" src=\"http:\/\/vttescapade.fr\/wp\/wp-content\/upload\/2008\/09\/GPS_Orange-128x120.png\" width=\"50\" alt=\"Entre sucre et bananes\" \/><\/a><\/div> <h3 class=\"page-list-ext-title\"><a href=\"https:\/\/vttescapade.fr\/wp\/gps\/trips-dom-tom\/le-lamentin-entre-sucre-et-bananes\/\" title=\"Entre sucre et bananes\">Entre sucre et bananes<\/a><\/h3><div class=\"page-list-ext-item-content\"> Superbe rando splendide organis\u00e9e par les amis du club ECL du Lamentin. Entre champs de cannes \u00e0 sucre et champs de bananes, un parcours au coeur de madinina avec ses usines dans les bananeraies, les passages \u00e0 gu\u00e9, les singles humides et cassants.... bre...<\/div><\/div>\n<div class=\"page-list-ext-item\"><div class=\"page-list-ext-image\"><a href=\"https:\/\/vttescapade.fr\/wp\/gps\/trips-dom-tom\/saint-joseph-972\/\" title=\"La bosse de Saint Joseph\"><img decoding=\"async\" src=\"http:\/\/vttescapade.fr\/wp\/wp-content\/upload\/2008\/09\/GPS_Orange-128x120.png\" width=\"50\" alt=\"La bosse de Saint Joseph\" \/><\/a><\/div> <h3 class=\"page-list-ext-title\"><a href=\"https:\/\/vttescapade.fr\/wp\/gps\/trips-dom-tom\/saint-joseph-972\/\" title=\"La bosse de Saint Joseph\">La bosse de Saint Joseph<\/a><\/h3><div class=\"page-list-ext-item-content\"> Trace de la sortie ECL \u00e0 Saint Joseph avec une belle bosse..\r\n\r\nhttp:\/\/vttescapade.fr\/wp\/wp-admin\/post.php?post=89&amp;action=edit#wpseo_linkdex\r\n\r\nSaint Joseph (972)\r\n\r\n45km \/ 500m D+\r\n\r\n\r\n\r\n\r\n \r\nL\u2019usage de FireFox est recommand\u00e9 pour l\u2019affichage sous ...<\/div><\/div>\n<div class=\"page-list-ext-item\"><div class=\"page-list-ext-image\"><a href=\"https:\/\/vttescapade.fr\/wp\/gps\/trips-dom-tom\/trace-des-salines-972\/\" title=\"La trace des Salines\"><img decoding=\"async\" src=\"http:\/\/vttescapade.fr\/wp\/wp-content\/upload\/2008\/09\/GPS_Orange-128x120.png\" width=\"50\" alt=\"La trace des Salines\" \/><\/a><\/div> <h3 class=\"page-list-ext-title\"><a href=\"https:\/\/vttescapade.fr\/wp\/gps\/trips-dom-tom\/trace-des-salines-972\/\" title=\"La trace des Salines\">La trace des Salines<\/a><\/h3><div class=\"page-list-ext-item-content\"> Un parcours de r\u00eave de la grande anse des Salines vers l'anse Trabaud, poursuite par la baie des anglais puis retour vers st Anne et l'anse Caritan ...bref la belle boucle du sud de l'\u00eele sur la route de ma trace des caps\r\n\r\nles Salines (972)\r\n\r\n20km \/...<\/div><\/div>\n<div class=\"page-list-ext-item\"><div class=\"page-list-ext-image\"><a href=\"https:\/\/vttescapade.fr\/wp\/gps\/trips-dom-tom\/sortie-au-lamentin972\/\" title=\"Le Lamentin en plein coeur\"><img decoding=\"async\" src=\"http:\/\/vttescapade.fr\/wp\/wp-content\/upload\/2008\/09\/GPS_Orange-128x120.png\" width=\"50\" alt=\"Le Lamentin en plein coeur\" \/><\/a><\/div> <h3 class=\"page-list-ext-title\"><a href=\"https:\/\/vttescapade.fr\/wp\/gps\/trips-dom-tom\/sortie-au-lamentin972\/\" title=\"Le Lamentin en plein coeur\">Le Lamentin en plein coeur<\/a><\/h3><div class=\"page-list-ext-item-content\"> Randonn\u00e9e au Lamentin organis\u00e9e par nos amis du club ECL. Champs de cannes \u00e0 sucre et de bananes a perte de vue et de p\u00e9dales ....La martinique en plein coeur..; \u00e0 savourer sans mod\u00e9rations !\r\n\r\nLe Lamentin (972)\r\n\r\n35km \/ 550m D+\r\n\r\n\r\n\r\n\r\n \r\nL\u2019usage de Fire...<\/div><\/div>\n<div class=\"page-list-ext-item\"><div class=\"page-list-ext-image\"><a href=\"https:\/\/vttescapade.fr\/wp\/gps\/trips-dom-tom\/la-boucle-du-diamant\/\" title=\"le Rocher du Diamant\"><img decoding=\"async\" src=\"http:\/\/vttescapade.fr\/wp\/wp-content\/upload\/2008\/03\/GPS_Blue-128x120.png\" width=\"50\" alt=\"le Rocher du Diamant\" \/><\/a><\/div> <h3 class=\"page-list-ext-title\"><a href=\"https:\/\/vttescapade.fr\/wp\/gps\/trips-dom-tom\/la-boucle-du-diamant\/\" title=\"le Rocher du Diamant\">le Rocher du Diamant<\/a><\/h3><div class=\"page-list-ext-item-content\"> Un superbe circuit sur bitume proche du rocher du diamant avec un beau morne \u00e0 grimper et \u00e0 redescendre ... une halte aux anses d'Arlets avec de splendides panoramas de carte postale.\r\n\r\nle Diamant(972)\r\n\r\n23km \/ 550m D+\r\n\r\n\r\n\r\n\r\n \r\nL\u2019usage de FireFox est...<\/div><\/div>\n<div class=\"page-list-ext-item\"><div class=\"page-list-ext-image\"><a href=\"https:\/\/vttescapade.fr\/wp\/gps\/trips-dom-tom\/boucle-sur-sainte-anne\/\" title=\"Boucle sur Sainte Anne\"><img decoding=\"async\" src=\"http:\/\/vttescapade.fr\/wp\/wp-content\/upload\/2008\/03\/GPS_Blue-128x120.png\" width=\"50\" alt=\"Boucle sur Sainte Anne\" \/><\/a><\/div> <h3 class=\"page-list-ext-title\"><a href=\"https:\/\/vttescapade.fr\/wp\/gps\/trips-dom-tom\/boucle-sur-sainte-anne\/\" title=\"Boucle sur Sainte Anne\">Boucle sur Sainte Anne<\/a><\/h3><div class=\"page-list-ext-item-content\"> Superbe rando avec les amis du club ECL du Lamentin sur le sud de l'ile. St Anne ,puis direction Anse Caritan pour le chemin des Anses en direction de la baie des Anglais avant de revenir\u00a0 par la piste de l'Anse Trabaud ! \r\nSt Anne (972)\u00a0\u00a0\u00a0 20km \/ 3...<\/div><\/div>\n<div class=\"page-list-ext-item\"><div class=\"page-list-ext-image\"><a href=\"https:\/\/vttescapade.fr\/wp\/gps\/trips-dom-tom\/anse-corps-de-garde\/\" title=\"Anse Corps de Garde\"><img decoding=\"async\" src=\"http:\/\/vttescapade.fr\/wp\/wp-content\/upload\/2008\/09\/GPS_Orange-128x120.png\" width=\"50\" alt=\"Anse Corps de Garde\" \/><\/a><\/div> <h3 class=\"page-list-ext-title\"><a href=\"https:\/\/vttescapade.fr\/wp\/gps\/trips-dom-tom\/anse-corps-de-garde\/\" title=\"Anse Corps de Garde\">Anse Corps de Garde<\/a><\/h3><div class=\"page-list-ext-item-content\"> Superbe circuit vari\u00e9 avec les amis du club ECL du Lamentin depuis la plage de Corps de Garde \u00e0 Sainte Luce. Un circuit vers rivi\u00e8re sal\u00e9e, les champs de canne \u00e0 sucre de Petit Bourg avant de virer vers la poterie des 3 Ilets. Retour ensuite par Mabo...<\/div><\/div>\n<div class=\"page-list-ext-item\"><div class=\"page-list-ext-image\"><a href=\"https:\/\/vttescapade.fr\/wp\/gps\/trips-dom-tom\/diamant-2013\/\" title=\"Le Diamant  2013\"><img decoding=\"async\" src=\"http:\/\/vttescapade.fr\/wp\/wp-content\/upload\/2008\/09\/GPS_Orange-128x120.png\" width=\"50\" alt=\"Le Diamant  2013\" \/><\/a><\/div> <h3 class=\"page-list-ext-title\"><a href=\"https:\/\/vttescapade.fr\/wp\/gps\/trips-dom-tom\/diamant-2013\/\" title=\"Le Diamant  2013\">Le Diamant  2013<\/a><\/h3><div class=\"page-list-ext-item-content\"> boucle sympa sur la diamant en compagnie de kristian, mon guide local !\r\n\r\nDiamant (972)\r\n\r\n20km \/ 400m D+\r\n\r\n&nbsp;\r\n\r\n\r\n\r\n\r\n \r\nL\u2019usage de FireFox est recommand\u00e9 pour l\u2019affichage sous GeoPortail.  <\/div><\/div>\n<div class=\"page-list-ext-item\"><div class=\"page-list-ext-image\"><a href=\"https:\/\/vttescapade.fr\/wp\/gps\/trips-dom-tom\/francois-2013\/\" title=\"Le Fran\u00e7ois 2013\"><img decoding=\"async\" src=\"http:\/\/vttescapade.fr\/wp\/wp-content\/upload\/2008\/09\/GPS_Orange-128x120.png\" width=\"50\" alt=\"Le Fran\u00e7ois 2013\" \/><\/a><\/div> <h3 class=\"page-list-ext-title\"><a href=\"https:\/\/vttescapade.fr\/wp\/gps\/trips-dom-tom\/francois-2013\/\" title=\"Le Fran\u00e7ois 2013\">Le Fran\u00e7ois 2013<\/a><\/h3><div class=\"page-list-ext-item-content\"> Rando sur le Fran\u00e7ois en compagnie de la team ECL. entre cannes \u00e0 sucres et bananeraies ... finish bucolique via habitation Cl\u00e9ment\r\n\r\nLe Fran\u00e7ois (972)\r\n\r\n30km \/ 500m D+\r\n\r\n\r\n\r\n\r\n \r\nL\u2019usage de FireFox est recommand\u00e9 pour l\u2019affichage sous GeoPortail.  ...<\/div><\/div>\n<div class=\"page-list-ext-item\"><div class=\"page-list-ext-image\"><a href=\"https:\/\/vttescapade.fr\/wp\/gps\/trips-dom-tom\/saint-anne-2013\/\" title=\"Sainte Anne 2013\"><img decoding=\"async\" src=\"http:\/\/vttescapade.fr\/wp\/wp-content\/upload\/2008\/09\/GPS_Orange-128x120.png\" width=\"50\" alt=\"Sainte Anne 2013\" \/><\/a><\/div> <h3 class=\"page-list-ext-title\"><a href=\"https:\/\/vttescapade.fr\/wp\/gps\/trips-dom-tom\/saint-anne-2013\/\" title=\"Sainte Anne 2013\">Sainte Anne 2013<\/a><\/h3><div class=\"page-list-ext-item-content\"> Rando sur Saint Anne, piton de cr\u00e9ve coeur avant d'attaquer la trace des caps \u00e9court\u00e9e au niveau de la baie des Anglais \r\nSt Anne (972)\u00a0\u00a0\u00a0 31km \/ 500m D+\r\n\r\n\r\n\r\n\r\n \r\nL\u2019usage de FireFox est recommand\u00e9 pour l\u2019affichage sous GeoPortail.  <\/div><\/div>\n\n<\/div><\/span><\/p>\n","protected":false},"excerpt":{"rendered":"<p>De belles traces dans les Iles entre Champ de cannes \u00e0 sucre, bananeraies et anses sauvages. Soleil de plomb, temp\u00e9ratures hors normes pour des panoramas et des ambiances indescriptibles. Souvent accompagn\u00e9s de locaux, ces parcours sont magiques &#8230;.\u00a0\u00a0 \u00e0 consommer sans mod\u00e9rations !!! <a class=\"continue-reading-link\" href=\"https:\/\/vttescapade.fr\/wp\/gps\/trips-dom-tom\/\">Et la suite &#8230;<\/a><\/p>\n","protected":false},"author":2,"featured_media":0,"parent":12,"menu_order":50,"comment_status":"open","ping_status":"open","template":"","meta":{"ngg_post_thumbnail":0,"footnotes":""},"categories":[140],"tags":[],"class_list":["post-24","page","type-page","status-publish","hentry","category-trips-domtom"],"jetpack_shortlink":"https:\/\/wp.me\/P1xCt8-o","_links":{"self":[{"href":"https:\/\/vttescapade.fr\/wp\/wp-json\/wp\/v2\/pages\/24","targetHints":{"allow":["GET"]}}],"collection":[{"href":"https:\/\/vttescapade.fr\/wp\/wp-json\/wp\/v2\/pages"}],"about":[{"href":"https:\/\/vttescapade.fr\/wp\/wp-json\/wp\/v2\/types\/page"}],"author":[{"embeddable":true,"href":"https:\/\/vttescapade.fr\/wp\/wp-json\/wp\/v2\/users\/2"}],"replies":[{"embeddable":true,"href":"https:\/\/vttescapade.fr\/wp\/wp-json\/wp\/v2\/comments?post=24"}],"version-history":[{"count":0,"href":"https:\/\/vttescapade.fr\/wp\/wp-json\/wp\/v2\/pages\/24\/revisions"}],"up":[{"embeddable":true,"href":"https:\/\/vttescapade.fr\/wp\/wp-json\/wp\/v2\/pages\/12"}],"wp:attachment":[{"href":"https:\/\/vttescapade.fr\/wp\/wp-json\/wp\/v2\/media?parent=24"}],"wp:term":[{"taxonomy":"category","embeddable":true,"href":"https:\/\/vttescapade.fr\/wp\/wp-json\/wp\/v2\/categories?post=24"},{"taxonomy":"post_tag","embeddable":true,"href":"https:\/\/vttescapade.fr\/wp\/wp-json\/wp\/v2\/tags?post=24"}],"curies":[{"name":"wp","href":"https:\/\/api.w.org\/{rel}","templated":true}]}}