{"id":1952,"date":"2009-11-08T15:06:40","date_gmt":"2009-11-08T13:06:40","guid":{"rendered":"http:\/\/vttescapade.fr\/wp\/?p=5356"},"modified":"2015-08-04T15:12:29","modified_gmt":"2015-08-04T13:12:29","slug":"vert-luisant-09-a","status":"publish","type":"page","link":"https:\/\/vttescapade.fr\/wp\/gps\/dans-le-coin\/bouconne\/vert-luisant-09-a\/","title":{"rendered":"Vert luisant 2009 RA"},"content":{"rendered":"<p style=\"text-align: justify;\"><a href=\"http:\/\/vttescapade.fr\/wp\/wp-content\/upload\/2008\/03\/GPS_Blue.png\"><img loading=\"lazy\" decoding=\"async\" class=\"alignleft  wp-image-8974\" src=\"http:\/\/vttescapade.fr\/wp\/wp-content\/upload\/2008\/03\/GPS_Blue-128x120.png\" alt=\"GPS_Blue\" width=\"54\" height=\"51\" \/><\/a>Circuit du vert luisant \u00e9dition 2009. RoadBook A &#8211; Une visite particuli\u00e8re de la for\u00eat de bouconne la nuit avec de belles arabesques au gr\u00e9 des erreurs d&#8217;interpr\u00e9tation du roadbook et des al\u00e9as&#8230;. Lasserre\u00a0(31).\u00a0\u00a0\u00a0\u00a0\u00a0\u00a0\u00a0 23 km \/ 290m D+ (<a href=\"http:\/\/vttescapade.fr\/wp\/?page_id=7&amp;album=3&amp;gallery=27\" target=\"_blank\">Photos)\u00a0\u00a0\u00a0 (<\/a><a href=\"http:\/\/vttescapade.fr\/wp\/?p=1958\" target=\"_blank\">r\u00e9cit 2009<\/a><a href=\"http:\/\/vttescapade.fr\/wp\/?page_id=7&amp;album=3&amp;gallery=27\" target=\"_blank\">)<\/a><\/p>\n<strong>Vert Luisant 09 RA<\/strong> (17) - (T\u00e9l\u00e9chargement soumis \u00e0 abonnement pr\u00e9alable)\n<p><!-- a href=\"http:\/\/vttescapade.fr\/wp\/wp-content\/download\/gpx\/01\/vertluisant09A.gpx\" --><\/p>\n<div style=\"text-align: center; vertical-align: middle; margin: auto;\"><iframe loading=\"lazy\" src=\"http:\/\/www.gpx-view.com\/gpx.php?f=http:\/\/vttescapade.fr\/wp\/wp-content\/download\/gpx\/01\/vertluisant09A.gpx&amp;mw=700\" name=\"GPX-View\" width=\"700\" height=\"600\" frameborder=\"0\" marginwidth=\"0\" marginheight=\"0\" scrolling=\"no\"><\/iframe><br \/>\n<span style=\"font-size: xx-small;\">L\u2019usage de FireFox est recommand\u00e9 pour l\u2019affichage sous GeoPortail.<\/span><\/div>\n","protected":false},"excerpt":{"rendered":"<p>Circuit du vert luisant \u00e9dition 2009. RoadBook A &#8211; Une visite particuli\u00e8re de la for\u00eat de bouconne la nuit avec de belles arabesques au gr\u00e9 des erreurs d&#8217;interpr\u00e9tation du roadbook et des al\u00e9as&#8230;. Lasserre\u00a0(31).\u00a0\u00a0\u00a0\u00a0\u00a0\u00a0\u00a0 23 km \/ 290m D+ (Photos)\u00a0\u00a0\u00a0 (r\u00e9cit 2009) L\u2019usage de FireFox\u2026 <a class=\"continue-reading-link\" href=\"https:\/\/vttescapade.fr\/wp\/gps\/dans-le-coin\/bouconne\/vert-luisant-09-a\/\">Et la suite &#8230;<\/a><\/p>\n","protected":false},"author":2,"featured_media":0,"parent":275,"menu_order":20091107,"comment_status":"open","ping_status":"open","template":"","meta":{"ngg_post_thumbnail":0,"footnotes":""},"categories":[4,7,148],"tags":[],"class_list":["post-1952","page","type-page","status-publish","hentry","category-dans-le-coin","category-gps","category-gpslocal"],"jetpack_shortlink":"https:\/\/wp.me\/P1xCt8-vu","_links":{"self":[{"href":"https:\/\/vttescapade.fr\/wp\/wp-json\/wp\/v2\/pages\/1952","targetHints":{"allow":["GET"]}}],"collection":[{"href":"https:\/\/vttescapade.fr\/wp\/wp-json\/wp\/v2\/pages"}],"about":[{"href":"https:\/\/vttescapade.fr\/wp\/wp-json\/wp\/v2\/types\/page"}],"author":[{"embeddable":true,"href":"https:\/\/vttescapade.fr\/wp\/wp-json\/wp\/v2\/users\/2"}],"replies":[{"embeddable":true,"href":"https:\/\/vttescapade.fr\/wp\/wp-json\/wp\/v2\/comments?post=1952"}],"version-history":[{"count":0,"href":"https:\/\/vttescapade.fr\/wp\/wp-json\/wp\/v2\/pages\/1952\/revisions"}],"up":[{"embeddable":true,"href":"https:\/\/vttescapade.fr\/wp\/wp-json\/wp\/v2\/pages\/275"}],"wp:attachment":[{"href":"https:\/\/vttescapade.fr\/wp\/wp-json\/wp\/v2\/media?parent=1952"}],"wp:term":[{"taxonomy":"category","embeddable":true,"href":"https:\/\/vttescapade.fr\/wp\/wp-json\/wp\/v2\/categories?post=1952"},{"taxonomy":"post_tag","embeddable":true,"href":"https:\/\/vttescapade.fr\/wp\/wp-json\/wp\/v2\/tags?post=1952"}],"curies":[{"name":"wp","href":"https:\/\/api.w.org\/{rel}","templated":true}]}}