{"id":15885,"date":"2018-06-05T10:26:55","date_gmt":"2018-06-05T08:26:55","guid":{"rendered":"http:\/\/vttescapade.fr\/wp\/?page_id=15885"},"modified":"2018-06-05T10:29:00","modified_gmt":"2018-06-05T08:29:00","slug":"la-medocainevtt-2018","status":"publish","type":"page","link":"https:\/\/vttescapade.fr\/wp\/gps\/escapades-en-france\/region-atlantique\/la-medocainevtt-2018\/","title":{"rendered":"La MedocaineVtt 2018"},"content":{"rendered":"<p><a href=\"http:\/\/vttescapade.fr\/wp\/wp-content\/upload\/2008\/03\/GPS_Blue.png\"><img loading=\"lazy\" decoding=\"async\" class=\"alignleft wp-image-8974\" src=\"http:\/\/vttescapade.fr\/wp\/wp-content\/upload\/2008\/03\/GPS_Blue-128x120.png\" alt=\"GPS_Blue\" width=\"62\" height=\"58\"><\/a>Superbe \u00e9venement que la m\u00e9docaineVTT en m\u00e9doc. De nombreux circuits plus ou moins long \u00e0 la d\u00e9couverte de vignes, chateaux et haut lieu des vignobles bordelais.&nbsp; Attention, certains secteurs et passages priv\u00e9s ne sont ouverts que pour l&#8217;\u00e9v\u00e8nement annuel, bien se renseigner avant &#8230;<\/p>\n<p>Arsac (33)<\/p>\n<p>80 km \/ 300m D+<\/p>\n<strong>MedocaineVtt2018<\/strong> (1) - (T\u00e9l\u00e9chargement soumis \u00e0 abonnement pr\u00e9alable)\n<p><!-- a href=\"http:\/\/vttescapade.fr\/wp\/wp-content\/download\/gpx\/02\/ilestmartin.gpx\" --><\/p>\n<div style=\"text-align: center; vertical-align: middle; margin: auto;\"><iframe loading=\"lazy\" src=\"http:\/\/www.gpx-view.com\/gpx.php?f=http:\/\/vttescapade.fr\/wp\/wp-content\/download\/gpx\/02\/Medocaine_80km.gpx&amp;mw=700\" name=\"GPX-View\" width=\"700\" height=\"600\" frameborder=\"0\" marginwidth=\"0\" marginheight=\"0\" scrolling=\"no\"><\/iframe><br \/>\n<span style=\"font-size: xx-small;\">L\u2019usage de FireFox est recommand\u00e9 pour l\u2019affichage sous GeoPortail.<\/span><\/div>\n","protected":false},"excerpt":{"rendered":"<p>Superbe \u00e9venement que la m\u00e9docaineVTT en m\u00e9doc. De nombreux circuits plus ou moins long \u00e0 la d\u00e9couverte de vignes, chateaux et haut lieu des vignobles bordelais.&nbsp; Attention, certains secteurs et passages priv\u00e9s ne sont ouverts que pour l&#8217;\u00e9v\u00e8nement annuel, bien se renseigner avant &#8230; Arsac\u2026 <a class=\"continue-reading-link\" href=\"https:\/\/vttescapade.fr\/wp\/gps\/escapades-en-france\/region-atlantique\/la-medocainevtt-2018\/\">Et la suite &#8230;<\/a><\/p>\n","protected":false},"author":2,"featured_media":0,"parent":2899,"menu_order":20180602,"comment_status":"closed","ping_status":"closed","template":"","meta":{"ngg_post_thumbnail":0,"footnotes":""},"categories":[7,157],"tags":[],"class_list":["post-15885","page","type-page","status-publish","hentry","category-gps","category-gpsfrance"],"jetpack_shortlink":"https:\/\/wp.me\/P1xCt8-48d","_links":{"self":[{"href":"https:\/\/vttescapade.fr\/wp\/wp-json\/wp\/v2\/pages\/15885","targetHints":{"allow":["GET"]}}],"collection":[{"href":"https:\/\/vttescapade.fr\/wp\/wp-json\/wp\/v2\/pages"}],"about":[{"href":"https:\/\/vttescapade.fr\/wp\/wp-json\/wp\/v2\/types\/page"}],"author":[{"embeddable":true,"href":"https:\/\/vttescapade.fr\/wp\/wp-json\/wp\/v2\/users\/2"}],"replies":[{"embeddable":true,"href":"https:\/\/vttescapade.fr\/wp\/wp-json\/wp\/v2\/comments?post=15885"}],"version-history":[{"count":0,"href":"https:\/\/vttescapade.fr\/wp\/wp-json\/wp\/v2\/pages\/15885\/revisions"}],"up":[{"embeddable":true,"href":"https:\/\/vttescapade.fr\/wp\/wp-json\/wp\/v2\/pages\/2899"}],"wp:attachment":[{"href":"https:\/\/vttescapade.fr\/wp\/wp-json\/wp\/v2\/media?parent=15885"}],"wp:term":[{"taxonomy":"category","embeddable":true,"href":"https:\/\/vttescapade.fr\/wp\/wp-json\/wp\/v2\/categories?post=15885"},{"taxonomy":"post_tag","embeddable":true,"href":"https:\/\/vttescapade.fr\/wp\/wp-json\/wp\/v2\/tags?post=15885"}],"curies":[{"name":"wp","href":"https:\/\/api.w.org\/{rel}","templated":true}]}}