{"id":10866,"date":"2014-06-02T09:45:38","date_gmt":"2014-06-02T07:45:38","guid":{"rendered":"http:\/\/vttescapade.fr\/wp\/?page_id=10866"},"modified":"2016-01-25T21:38:09","modified_gmt":"2016-01-25T20:38:09","slug":"figuieresv2","status":"publish","type":"page","link":"https:\/\/vttescapade.fr\/wp\/gps\/escapades-en-france\/gruissan-et-ses-environs\/figuieresv2\/","title":{"rendered":"figui\u00e8res revisit\u00e9 -V2"},"content":{"rendered":"<p><a href=\"http:\/\/vttescapade.fr\/wp\/wp-content\/upload\/2008\/09\/GPS_Orange.png\"><img loading=\"lazy\" decoding=\"async\" class=\"alignleft  wp-image-8987\" src=\"http:\/\/vttescapade.fr\/wp\/wp-content\/upload\/2008\/09\/GPS_Orange-128x120.png\" alt=\"GPS_Orange\" width=\"47\" height=\"44\" \/><\/a>Mont\u00e9e sur le plateau par la vigie puis singles vers figui\u00e8res, passage au REc en sous bois avant la crouzade et les singles retours toujours aussi ludiques avec quelques beaux passages techniques !<\/p>\n<p>Gruissan (11) 22 km \/ 480m D+<\/p>\n<strong>Figui\u00e8res revisit\u00e9 V2<\/strong> (10) - (T\u00e9l\u00e9chargement soumis \u00e0 abonnement pr\u00e9alable)\n<div style=\"text-align: center; vertical-align: middle; margin: auto;\"><iframe loading=\"lazy\" src=\"http:\/\/www.gpx-view.com\/gpx.php?f=http:\/\/vttescapade.fr\/wp\/wp-content\/download\/gpx\/02\/figuieresV2.gpx&amp;mw=700\" name=\"GPX-View\" width=\"700\" height=\"600\" frameborder=\"0\" marginwidth=\"0\" marginheight=\"0\" scrolling=\"no\"><\/iframe><br \/>\n<span style=\"font-size: xx-small;\">L\u2019usage de FireFox est recommand\u00e9 pour l\u2019affichage sous GeoPortail.<\/span><\/div>\n","protected":false},"excerpt":{"rendered":"<p>Mont\u00e9e sur le plateau par la vigie puis singles vers figui\u00e8res, passage au REc en sous bois avant la crouzade et les singles retours toujours aussi ludiques avec quelques beaux passages techniques ! Gruissan (11) 22 km \/ 480m D+ L\u2019usage de FireFox est recommand\u00e9\u2026 <a class=\"continue-reading-link\" href=\"https:\/\/vttescapade.fr\/wp\/gps\/escapades-en-france\/gruissan-et-ses-environs\/figuieresv2\/\">Et la suite &#8230;<\/a><\/p>\n","protected":false},"author":2,"featured_media":0,"parent":700,"menu_order":20140601,"comment_status":"open","ping_status":"open","template":"","meta":{"ngg_post_thumbnail":0,"footnotes":""},"categories":[7,157],"tags":[],"class_list":["post-10866","page","type-page","status-publish","hentry","category-gps","category-gpsfrance"],"jetpack_shortlink":"https:\/\/wp.me\/P1xCt8-2Pg","_links":{"self":[{"href":"https:\/\/vttescapade.fr\/wp\/wp-json\/wp\/v2\/pages\/10866","targetHints":{"allow":["GET"]}}],"collection":[{"href":"https:\/\/vttescapade.fr\/wp\/wp-json\/wp\/v2\/pages"}],"about":[{"href":"https:\/\/vttescapade.fr\/wp\/wp-json\/wp\/v2\/types\/page"}],"author":[{"embeddable":true,"href":"https:\/\/vttescapade.fr\/wp\/wp-json\/wp\/v2\/users\/2"}],"replies":[{"embeddable":true,"href":"https:\/\/vttescapade.fr\/wp\/wp-json\/wp\/v2\/comments?post=10866"}],"version-history":[{"count":0,"href":"https:\/\/vttescapade.fr\/wp\/wp-json\/wp\/v2\/pages\/10866\/revisions"}],"up":[{"embeddable":true,"href":"https:\/\/vttescapade.fr\/wp\/wp-json\/wp\/v2\/pages\/700"}],"wp:attachment":[{"href":"https:\/\/vttescapade.fr\/wp\/wp-json\/wp\/v2\/media?parent=10866"}],"wp:term":[{"taxonomy":"category","embeddable":true,"href":"https:\/\/vttescapade.fr\/wp\/wp-json\/wp\/v2\/categories?post=10866"},{"taxonomy":"post_tag","embeddable":true,"href":"https:\/\/vttescapade.fr\/wp\/wp-json\/wp\/v2\/tags?post=10866"}],"curies":[{"name":"wp","href":"https:\/\/api.w.org\/{rel}","templated":true}]}}