{"id":81,"date":"2008-03-20T16:30:12","date_gmt":"2008-03-20T15:30:12","guid":{"rendered":"http:\/\/vttescapade.fr\/wp\/?p=5356"},"modified":"2022-07-27T09:41:39","modified_gmt":"2022-07-27T07:41:39","slug":"sud-plaisance-du-touch","status":"publish","type":"page","link":"http:\/\/vttescapade.fr\/wp\/gps\/dans-le-coin\/plaisance-du-touch\/sud-plaisance-du-touch\/","title":{"rendered":"Sud Plaisance du Touch"},"content":{"rendered":"<p style=\"text-align: justify;\"><a href=\"http:\/\/vttescapade.fr\/wp\/wp-content\/upload\/2008\/10\/GPS_Green.png\"><img loading=\"lazy\" decoding=\"async\" class=\"alignleft  wp-image-8980\" src=\"http:\/\/vttescapade.fr\/wp\/wp-content\/upload\/2008\/10\/GPS_Green-128x120.png\" alt=\"GPS_Green\" width=\"63\" height=\"59\" \/><\/a>Boucle au sud de Plaisance du Touch en passant par Frouzins, Seysses, Lamasquere, Saint Lys, Fonsorbes et retour alternance entre petites routes et chemins, deux passages d\u00e9licats.<\/p>\n<p>Plaisance du Touch (31) \u00a039km \/ 300m D+ \u00a0 <strong>Plaisance Sud<\/strong> (124) - (T\u00e9l\u00e9chargement soumis \u00e0 abonnement pr\u00e9alable)<\/p>\n<p><!-- a href=\"http:\/\/vttescapade.fr\/wp\/wp-content\/download\/gpx\/01\/sudplaisance.gpx\" --><\/p>\n<div style=\"text-align: center; vertical-align: middle; margin: auto;\"><iframe loading=\"lazy\" src=\"https:\/\/www.gpx-view.com\/gpx.php?f=http:\/\/vttescapade.fr\/wp\/wp-content\/download\/gpx\/01\/sudplaisance.gpx&amp;mw=700\" name=\"GPX-View\" width=\"700\" height=\"600\" frameborder=\"0\" marginwidth=\"0\" marginheight=\"0\" scrolling=\"no\"><\/iframe><br \/>\n<span style=\"font-size: xx-small;\">L\u2019usage de FireFox est recommand\u00e9 pour l\u2019affichage sous GeoPortail.<\/span><\/div>\n","protected":false},"excerpt":{"rendered":"<p>Boucle au sud de Plaisance du Touch en passant par Frouzins, Seysses, Lamasquere, Saint Lys, Fonsorbes et retour alternance entre petites routes et chemins, deux passages d\u00e9licats. Plaisance du Touch (31) \u00a039km \/ 300m D+ \u00a0 L\u2019usage de FireFox est recommand\u00e9 pour l\u2019affichage sous GeoPortail. <a class=\"continue-reading-link\" href=\"http:\/\/vttescapade.fr\/wp\/gps\/dans-le-coin\/plaisance-du-touch\/sud-plaisance-du-touch\/\">Et la suite &#8230;<\/a><\/p>\n","protected":false},"author":2,"featured_media":0,"parent":276,"menu_order":20080320,"comment_status":"open","ping_status":"open","template":"","meta":{"ngg_post_thumbnail":0,"footnotes":""},"categories":[4,7,148],"tags":[],"class_list":["post-81","page","type-page","status-publish","hentry","category-dans-le-coin","category-gps","category-gpslocal"],"jetpack_shortlink":"https:\/\/wp.me\/P1xCt8-1j","_links":{"self":[{"href":"http:\/\/vttescapade.fr\/wp\/wp-json\/wp\/v2\/pages\/81","targetHints":{"allow":["GET"]}}],"collection":[{"href":"http:\/\/vttescapade.fr\/wp\/wp-json\/wp\/v2\/pages"}],"about":[{"href":"http:\/\/vttescapade.fr\/wp\/wp-json\/wp\/v2\/types\/page"}],"author":[{"embeddable":true,"href":"http:\/\/vttescapade.fr\/wp\/wp-json\/wp\/v2\/users\/2"}],"replies":[{"embeddable":true,"href":"http:\/\/vttescapade.fr\/wp\/wp-json\/wp\/v2\/comments?post=81"}],"version-history":[{"count":0,"href":"http:\/\/vttescapade.fr\/wp\/wp-json\/wp\/v2\/pages\/81\/revisions"}],"up":[{"embeddable":true,"href":"http:\/\/vttescapade.fr\/wp\/wp-json\/wp\/v2\/pages\/276"}],"wp:attachment":[{"href":"http:\/\/vttescapade.fr\/wp\/wp-json\/wp\/v2\/media?parent=81"}],"wp:term":[{"taxonomy":"category","embeddable":true,"href":"http:\/\/vttescapade.fr\/wp\/wp-json\/wp\/v2\/categories?post=81"},{"taxonomy":"post_tag","embeddable":true,"href":"http:\/\/vttescapade.fr\/wp\/wp-json\/wp\/v2\/tags?post=81"}],"curies":[{"name":"wp","href":"https:\/\/api.w.org\/{rel}","templated":true}]}}