{"id":6929,"date":"2012-09-17T08:36:53","date_gmt":"2012-09-17T06:36:53","guid":{"rendered":"http:\/\/vttescapade.fr\/wp\/?page_id=6929"},"modified":"2017-01-16T16:46:18","modified_gmt":"2017-01-16T15:46:18","slug":"launaguet-2012","status":"publish","type":"page","link":"http:\/\/vttescapade.fr\/wp\/gps\/dans-le-coin\/au-nord-de-toulouse\/launaguet-2012\/","title":{"rendered":"Launaguet 2012"},"content":{"rendered":"<p>Le circuit de <a href=\"http:\/\/vttescapade.fr\/wp\/wp-content\/upload\/2008\/03\/GPS_Blue.png\"><img loading=\"lazy\" decoding=\"async\" class=\"alignleft wp-image-8974\" src=\"http:\/\/vttescapade.fr\/wp\/wp-content\/upload\/2008\/03\/GPS_Blue-128x120.png\" alt=\"GPS_Blue\" width=\"43\" height=\"40\"><\/a>la buissonni\u00e8re \u00e0 Launaguet \u00e9dition 2012. Un parcours ludique, vari\u00e9 et bien roulant m\u00eame si les queslques bosses sont \u00e9nergivores , ouf !<\/p>\n<p>Launaguet (31)&nbsp; 40km&nbsp; \/ 500m D+<\/p>\n<strong>buissoniere2012<\/strong> (43) - (T\u00e9l\u00e9chargement soumis \u00e0 abonnement pr\u00e9alable)\n<p><!-- a href=\"http:\/\/vttescapade.fr\/wp\/wp-content\/download\/gpx\/01\/cg2009.gpx\" --><\/p>\n<div style=\"text-align: center; vertical-align: middle; margin: auto;\"><iframe loading=\"lazy\" src=\"http:\/\/www.gpx-view.com\/gpx.php?f=http:\/\/vttescapade.fr\/wp\/wp-content\/download\/gpx\/01\/labuiss2012.gpx&amp;mw=700\" name=\"GPX-View\" width=\"700\" height=\"600\" frameborder=\"0\" marginwidth=\"0\" marginheight=\"0\" scrolling=\"no\"><\/iframe><br \/>\n<span style=\"font-size: xx-small;\">L\u2019usage de FireFox est recommand\u00e9 pour l\u2019affichage sous GeoPortail.<\/span><\/div>\n","protected":false},"excerpt":{"rendered":"<p>Le circuit de la buissonni\u00e8re \u00e0 Launaguet \u00e9dition 2012. Un parcours ludique, vari\u00e9 et bien roulant m\u00eame si les queslques bosses sont \u00e9nergivores , ouf ! Launaguet (31)&nbsp; 40km&nbsp; \/ 500m D+ L\u2019usage de FireFox est recommand\u00e9 pour l\u2019affichage sous GeoPortail. <a class=\"continue-reading-link\" href=\"http:\/\/vttescapade.fr\/wp\/gps\/dans-le-coin\/au-nord-de-toulouse\/launaguet-2012\/\">Et la suite &#8230;<\/a><\/p>\n","protected":false},"author":2,"featured_media":0,"parent":902,"menu_order":20120916,"comment_status":"open","ping_status":"open","template":"","meta":{"ngg_post_thumbnail":0,"footnotes":""},"categories":[7,148],"tags":[],"class_list":["post-6929","page","type-page","status-publish","hentry","category-gps","category-gpslocal"],"jetpack_shortlink":"https:\/\/wp.me\/P1xCt8-1NL","_links":{"self":[{"href":"http:\/\/vttescapade.fr\/wp\/wp-json\/wp\/v2\/pages\/6929","targetHints":{"allow":["GET"]}}],"collection":[{"href":"http:\/\/vttescapade.fr\/wp\/wp-json\/wp\/v2\/pages"}],"about":[{"href":"http:\/\/vttescapade.fr\/wp\/wp-json\/wp\/v2\/types\/page"}],"author":[{"embeddable":true,"href":"http:\/\/vttescapade.fr\/wp\/wp-json\/wp\/v2\/users\/2"}],"replies":[{"embeddable":true,"href":"http:\/\/vttescapade.fr\/wp\/wp-json\/wp\/v2\/comments?post=6929"}],"version-history":[{"count":0,"href":"http:\/\/vttescapade.fr\/wp\/wp-json\/wp\/v2\/pages\/6929\/revisions"}],"up":[{"embeddable":true,"href":"http:\/\/vttescapade.fr\/wp\/wp-json\/wp\/v2\/pages\/902"}],"wp:attachment":[{"href":"http:\/\/vttescapade.fr\/wp\/wp-json\/wp\/v2\/media?parent=6929"}],"wp:term":[{"taxonomy":"category","embeddable":true,"href":"http:\/\/vttescapade.fr\/wp\/wp-json\/wp\/v2\/categories?post=6929"},{"taxonomy":"post_tag","embeddable":true,"href":"http:\/\/vttescapade.fr\/wp\/wp-json\/wp\/v2\/tags?post=6929"}],"curies":[{"name":"wp","href":"https:\/\/api.w.org\/{rel}","templated":true}]}}