{"id":6436,"date":"2012-05-21T09:39:03","date_gmt":"2012-05-21T07:39:03","guid":{"rendered":"http:\/\/vttescapade.fr\/wp\/?page_id=6436"},"modified":"2017-01-12T19:18:50","modified_gmt":"2017-01-12T18:18:50","slug":"cahors-rozieres-2012","status":"publish","type":"page","link":"http:\/\/vttescapade.fr\/wp\/gps\/escapades-en-france\/perigord-dordogne\/cahors-rozieres-2012\/","title":{"rendered":"Cahors- Rozi\u00e8res 2012"},"content":{"rendered":"<p><a href=\"http:\/\/vttescapade.fr\/wp\/wp-content\/upload\/2008\/09\/GPS_Red2.png\"><img loading=\"lazy\" decoding=\"async\" class=\"alignleft wp-image-8988\" src=\"http:\/\/vttescapade.fr\/wp\/wp-content\/upload\/2008\/09\/GPS_Red2-128x120.png\" alt=\"GPS_Red2\" width=\"50\" height=\"47\"><\/a>Circuit de la rando Raid Cahors &#8211; la rozi\u00e8re lors de son \u00e9dition 2012.<\/p>\n<p>La Rozi\u00e8re (46)<\/p>\n<p>40km \/ 1100m D+<\/p>\n<strong>Cahors - Roziere 2012<\/strong> (8) - (T\u00e9l\u00e9chargement soumis \u00e0 abonnement pr\u00e9alable)\n<div style=\"text-align: center; vertical-align: middle; margin: auto;\"><iframe loading=\"lazy\" src=\"http:\/\/www.gpx-view.com\/gpx.php?f=http:\/\/vttescapade.fr\/wp\/wp-content\/download\/gpx\/02\/Roziere.gpx&amp;mw=700\" name=\"GPX-View\" width=\"700\" height=\"605\" frameborder=\"0\" marginwidth=\"0\" marginheight=\"0\" scrolling=\"no\"><\/iframe><\/div>\n","protected":false},"excerpt":{"rendered":"<p>Circuit de la rando Raid Cahors &#8211; la rozi\u00e8re lors de son \u00e9dition 2012. La Rozi\u00e8re (46) 40km \/ 1100m D+ <a class=\"continue-reading-link\" href=\"http:\/\/vttescapade.fr\/wp\/gps\/escapades-en-france\/perigord-dordogne\/cahors-rozieres-2012\/\">Et la suite &#8230;<\/a><\/p>\n","protected":false},"author":2,"featured_media":0,"parent":2897,"menu_order":20120520,"comment_status":"open","ping_status":"open","template":"","meta":{"ngg_post_thumbnail":0,"footnotes":""},"categories":[],"tags":[],"class_list":["post-6436","page","type-page","status-publish","hentry"],"jetpack_shortlink":"https:\/\/wp.me\/P1xCt8-1FO","_links":{"self":[{"href":"http:\/\/vttescapade.fr\/wp\/wp-json\/wp\/v2\/pages\/6436","targetHints":{"allow":["GET"]}}],"collection":[{"href":"http:\/\/vttescapade.fr\/wp\/wp-json\/wp\/v2\/pages"}],"about":[{"href":"http:\/\/vttescapade.fr\/wp\/wp-json\/wp\/v2\/types\/page"}],"author":[{"embeddable":true,"href":"http:\/\/vttescapade.fr\/wp\/wp-json\/wp\/v2\/users\/2"}],"replies":[{"embeddable":true,"href":"http:\/\/vttescapade.fr\/wp\/wp-json\/wp\/v2\/comments?post=6436"}],"version-history":[{"count":0,"href":"http:\/\/vttescapade.fr\/wp\/wp-json\/wp\/v2\/pages\/6436\/revisions"}],"up":[{"embeddable":true,"href":"http:\/\/vttescapade.fr\/wp\/wp-json\/wp\/v2\/pages\/2897"}],"wp:attachment":[{"href":"http:\/\/vttescapade.fr\/wp\/wp-json\/wp\/v2\/media?parent=6436"}],"wp:term":[{"taxonomy":"category","embeddable":true,"href":"http:\/\/vttescapade.fr\/wp\/wp-json\/wp\/v2\/categories?post=6436"},{"taxonomy":"post_tag","embeddable":true,"href":"http:\/\/vttescapade.fr\/wp\/wp-json\/wp\/v2\/tags?post=6436"}],"curies":[{"name":"wp","href":"https:\/\/api.w.org\/{rel}","templated":true}]}}