{"id":5706,"date":"2011-09-25T19:17:14","date_gmt":"2011-09-25T17:17:14","guid":{"rendered":"http:\/\/vttescapade.fr\/wp\/?page_id=5706"},"modified":"2017-01-16T17:39:19","modified_gmt":"2017-01-16T16:39:19","slug":"randovales-2011","status":"publish","type":"page","link":"http:\/\/vttescapade.fr\/wp\/gps\/dans-le-coin\/dans-le-sud-de-toulouse\/randovales-2011\/","title":{"rendered":"Randovales 2011"},"content":{"rendered":"<p><a href=\"http:\/\/vttescapade.fr\/wp\/wp-content\/upload\/2008\/09\/GPS_Orange.png\"><img loading=\"lazy\" decoding=\"async\" class=\"alignleft wp-image-8987\" src=\"http:\/\/vttescapade.fr\/wp\/wp-content\/upload\/2008\/09\/GPS_Orange-128x120.png\" alt=\"GPS_Orange\" width=\"44\" height=\"41\"><\/a>Circuit de la randovale 2011 a Aureville pour un parcours physique et vari\u00e9 avec de belles bosses et de beaux panoramas depuis les coteaux.<\/p>\n<p>Aureville (31)&nbsp; 35km&nbsp; \/&nbsp; 830m D+<\/p>\n<p style=\"text-align: center;\"><strong>Randovales  2011 (35 km)<\/strong> (27) - (T\u00e9l\u00e9chargement soumis \u00e0 abonnement pr\u00e9alable)<br \/>\n<iframe loading=\"lazy\" src=\"http:\/\/www.gpx-view.com\/gpx.php?f=http:\/\/vttescapade.fr\/wp\/wp-content\/download\/gpx\/01\/randovales2011.gpx&amp;mw=700\" name=\"GPX-View\" width=\"700\" height=\"600\" frameborder=\"0\" marginwidth=\"0\" marginheight=\"0\" scrolling=\"no\"><\/iframe><br \/>\n<span style=\"font-size: xx-small;\">L\u2019usage de FireFox est recommand\u00e9 pour l\u2019affichage sous GeoPortail.<\/span><\/p>\n","protected":false},"excerpt":{"rendered":"<p>Circuit de la randovale 2011 a Aureville pour un parcours physique et vari\u00e9 avec de belles bosses et de beaux panoramas depuis les coteaux. Aureville (31)&nbsp; 35km&nbsp; \/&nbsp; 830m D+ L\u2019usage de FireFox est recommand\u00e9 pour l\u2019affichage sous GeoPortail. <a class=\"continue-reading-link\" href=\"http:\/\/vttescapade.fr\/wp\/gps\/dans-le-coin\/dans-le-sud-de-toulouse\/randovales-2011\/\">Et la suite &#8230;<\/a><\/p>\n","protected":false},"author":2,"featured_media":0,"parent":903,"menu_order":20110925,"comment_status":"open","ping_status":"open","template":"","meta":{"ngg_post_thumbnail":0,"footnotes":""},"categories":[7,148],"tags":[],"class_list":["post-5706","page","type-page","status-publish","hentry","category-gps","category-gpslocal"],"jetpack_shortlink":"https:\/\/wp.me\/P1xCt8-1u2","_links":{"self":[{"href":"http:\/\/vttescapade.fr\/wp\/wp-json\/wp\/v2\/pages\/5706","targetHints":{"allow":["GET"]}}],"collection":[{"href":"http:\/\/vttescapade.fr\/wp\/wp-json\/wp\/v2\/pages"}],"about":[{"href":"http:\/\/vttescapade.fr\/wp\/wp-json\/wp\/v2\/types\/page"}],"author":[{"embeddable":true,"href":"http:\/\/vttescapade.fr\/wp\/wp-json\/wp\/v2\/users\/2"}],"replies":[{"embeddable":true,"href":"http:\/\/vttescapade.fr\/wp\/wp-json\/wp\/v2\/comments?post=5706"}],"version-history":[{"count":0,"href":"http:\/\/vttescapade.fr\/wp\/wp-json\/wp\/v2\/pages\/5706\/revisions"}],"up":[{"embeddable":true,"href":"http:\/\/vttescapade.fr\/wp\/wp-json\/wp\/v2\/pages\/903"}],"wp:attachment":[{"href":"http:\/\/vttescapade.fr\/wp\/wp-json\/wp\/v2\/media?parent=5706"}],"wp:term":[{"taxonomy":"category","embeddable":true,"href":"http:\/\/vttescapade.fr\/wp\/wp-json\/wp\/v2\/categories?post=5706"},{"taxonomy":"post_tag","embeddable":true,"href":"http:\/\/vttescapade.fr\/wp\/wp-json\/wp\/v2\/tags?post=5706"}],"curies":[{"name":"wp","href":"https:\/\/api.w.org\/{rel}","templated":true}]}}