{"id":535,"date":"2009-06-02T09:44:43","date_gmt":"2009-06-02T07:44:43","guid":{"rendered":"http:\/\/vttescapade.fr\/wp\/?p=5356"},"modified":"2017-01-12T19:24:37","modified_gmt":"2017-01-12T18:24:37","slug":"conilhac-2009","status":"publish","type":"page","link":"http:\/\/vttescapade.fr\/wp\/gps\/escapades-en-france\/en-region-languedoc\/conilhac-2009\/","title":{"rendered":"Conilhac 2009"},"content":{"rendered":"<p><a href=\"http:\/\/vttescapade.fr\/wp\/wp-content\/upload\/2008\/09\/GPS_Red2.png\"><img loading=\"lazy\" decoding=\"async\" class=\"alignleft wp-image-8988\" src=\"http:\/\/vttescapade.fr\/wp\/wp-content\/upload\/2008\/09\/GPS_Red2-128x120.png\" alt=\"GPS_Red2\" width=\"45\" height=\"42\"><\/a><br \/>\nla rando de Conilhac 2009, de la crete du renard \u00e0 celle de l&#8217;aigle&#8230; tout un programme en forme de huit.<br \/>\nConilhac (11) 34km-850m <strong>Conhilac 2009<\/strong> (17) - (T\u00e9l\u00e9chargement soumis \u00e0 abonnement pr\u00e9alable)<br \/>\n<!-- a href=\"http:\/\/vttescapade.fr\/wp\/wp-content\/download\/gpx\/02\/conilhac09.gpx\" --><\/p>\n<div style=\"text-align: center; vertical-align: middle; margin: auto;\"><iframe loading=\"lazy\" src=\"http:\/\/www.gpx-view.com\/gpx.php?f=http:\/\/vttescapade.fr\/wp\/wp-content\/download\/gpx\/02\/conilhac09.gpx&amp;mw=700\" name=\"GPX-View\" width=\"700\" height=\"600\" frameborder=\"0\" marginwidth=\"0\" marginheight=\"0\" scrolling=\"no\"><\/iframe><br \/>\n<span style=\"font-size: xx-small;\">L\u2019usage de FireFox est recommand\u00e9 pour l\u2019affichage sous GeoPortail.<\/span><\/div>\n","protected":false},"excerpt":{"rendered":"<p>la rando de Conilhac 2009, de la crete du renard \u00e0 celle de l&#8217;aigle&#8230; tout un programme en forme de huit. Conilhac (11) 34km-850m L\u2019usage de FireFox est recommand\u00e9 pour l\u2019affichage sous GeoPortail. <a class=\"continue-reading-link\" href=\"http:\/\/vttescapade.fr\/wp\/gps\/escapades-en-france\/en-region-languedoc\/conilhac-2009\/\">Et la suite &#8230;<\/a><\/p>\n","protected":false},"author":2,"featured_media":0,"parent":701,"menu_order":20090531,"comment_status":"open","ping_status":"open","template":"","meta":{"ngg_post_thumbnail":0,"footnotes":""},"categories":[141,7,157],"tags":[],"class_list":["post-535","page","type-page","status-publish","hentry","category-escapades-en-france","category-gps","category-gpsfrance"],"jetpack_shortlink":"https:\/\/wp.me\/P1xCt8-8D","_links":{"self":[{"href":"http:\/\/vttescapade.fr\/wp\/wp-json\/wp\/v2\/pages\/535","targetHints":{"allow":["GET"]}}],"collection":[{"href":"http:\/\/vttescapade.fr\/wp\/wp-json\/wp\/v2\/pages"}],"about":[{"href":"http:\/\/vttescapade.fr\/wp\/wp-json\/wp\/v2\/types\/page"}],"author":[{"embeddable":true,"href":"http:\/\/vttescapade.fr\/wp\/wp-json\/wp\/v2\/users\/2"}],"replies":[{"embeddable":true,"href":"http:\/\/vttescapade.fr\/wp\/wp-json\/wp\/v2\/comments?post=535"}],"version-history":[{"count":0,"href":"http:\/\/vttescapade.fr\/wp\/wp-json\/wp\/v2\/pages\/535\/revisions"}],"up":[{"embeddable":true,"href":"http:\/\/vttescapade.fr\/wp\/wp-json\/wp\/v2\/pages\/701"}],"wp:attachment":[{"href":"http:\/\/vttescapade.fr\/wp\/wp-json\/wp\/v2\/media?parent=535"}],"wp:term":[{"taxonomy":"category","embeddable":true,"href":"http:\/\/vttescapade.fr\/wp\/wp-json\/wp\/v2\/categories?post=535"},{"taxonomy":"post_tag","embeddable":true,"href":"http:\/\/vttescapade.fr\/wp\/wp-json\/wp\/v2\/tags?post=535"}],"curies":[{"name":"wp","href":"https:\/\/api.w.org\/{rel}","templated":true}]}}