{"id":505,"date":"2009-05-04T06:40:10","date_gmt":"2009-05-04T04:40:10","guid":{"rendered":"http:\/\/vttescapade.fr\/wp\/?p=5356"},"modified":"2016-03-08T17:42:20","modified_gmt":"2016-03-08T16:42:20","slug":"quercynoise-2009","status":"publish","type":"page","link":"http:\/\/vttescapade.fr\/wp\/gps\/escapades-en-france\/region-tarn-tarn-garonne\/quercynoise-2009\/","title":{"rendered":"Quercynoise 2009"},"content":{"rendered":"<p><a href=\"http:\/\/vttescapade.fr\/wp\/wp-content\/upload\/2008\/09\/GPS_Orange.png\"><img loading=\"lazy\" decoding=\"async\" class=\" wp-image-8987 alignleft\" src=\"http:\/\/vttescapade.fr\/wp\/wp-content\/upload\/2008\/09\/GPS_Orange-128x120.png\" alt=\"GPS_Orange\" width=\"62\" height=\"58\" \/><\/a>Circuit de la Quercynoise 2009 propos\u00e9 par Jean Claude. Secteur bien sec et calcaire proftant de superbes reliefs physiques et techniques de ce secteur Lotois par excellence !<\/p>\n<p>Cahors ()<\/p>\n<p>35km \/ 800m D+<\/p>\n<strong>Quercynoise 09<\/strong> (9) - (T\u00e9l\u00e9chargement soumis \u00e0 abonnement pr\u00e9alable)\n<p><!-- a href=\"http:\/\/vttescapade.fr\/wp\/wp-content\/download\/gpx\/02\/Quercynoise09.gpx\" --><\/p>\n<div style=\"text-align: center; vertical-align: middle; margin: auto;\"><iframe loading=\"lazy\" src=\"http:\/\/www.gpx-view.com\/gpx.php?f=http:\/\/vttescapade.fr\/wp\/wp-content\/download\/gpx\/02\/Quercynoise09.gpx&amp;mw=700\" name=\"GPX-View\" width=\"700\" height=\"600\" frameborder=\"0\" marginwidth=\"0\" marginheight=\"0\" scrolling=\"no\"><\/iframe><br \/>\n<span style=\"font-size: xx-small;\">L\u2019usage de FireFox est recommand\u00e9 pour l\u2019affichage sous GeoPortail.<\/span><\/div>\n","protected":false},"excerpt":{"rendered":"<p>Circuit de la Quercynoise 2009 propos\u00e9 par Jean Claude. Secteur bien sec et calcaire proftant de superbes reliefs physiques et techniques de ce secteur Lotois par excellence ! Cahors () 35km \/ 800m D+ L\u2019usage de FireFox est recommand\u00e9 pour l\u2019affichage sous GeoPortail. <a class=\"continue-reading-link\" href=\"http:\/\/vttescapade.fr\/wp\/gps\/escapades-en-france\/region-tarn-tarn-garonne\/quercynoise-2009\/\">Et la suite &#8230;<\/a><\/p>\n","protected":false},"author":2,"featured_media":0,"parent":2889,"menu_order":20090501,"comment_status":"open","ping_status":"open","template":"","meta":{"ngg_post_thumbnail":0,"footnotes":""},"categories":[141,7,157],"tags":[],"class_list":["post-505","page","type-page","status-publish","hentry","category-escapades-en-france","category-gps","category-gpsfrance"],"jetpack_shortlink":"https:\/\/wp.me\/P1xCt8-89","_links":{"self":[{"href":"http:\/\/vttescapade.fr\/wp\/wp-json\/wp\/v2\/pages\/505","targetHints":{"allow":["GET"]}}],"collection":[{"href":"http:\/\/vttescapade.fr\/wp\/wp-json\/wp\/v2\/pages"}],"about":[{"href":"http:\/\/vttescapade.fr\/wp\/wp-json\/wp\/v2\/types\/page"}],"author":[{"embeddable":true,"href":"http:\/\/vttescapade.fr\/wp\/wp-json\/wp\/v2\/users\/2"}],"replies":[{"embeddable":true,"href":"http:\/\/vttescapade.fr\/wp\/wp-json\/wp\/v2\/comments?post=505"}],"version-history":[{"count":0,"href":"http:\/\/vttescapade.fr\/wp\/wp-json\/wp\/v2\/pages\/505\/revisions"}],"up":[{"embeddable":true,"href":"http:\/\/vttescapade.fr\/wp\/wp-json\/wp\/v2\/pages\/2889"}],"wp:attachment":[{"href":"http:\/\/vttescapade.fr\/wp\/wp-json\/wp\/v2\/media?parent=505"}],"wp:term":[{"taxonomy":"category","embeddable":true,"href":"http:\/\/vttescapade.fr\/wp\/wp-json\/wp\/v2\/categories?post=505"},{"taxonomy":"post_tag","embeddable":true,"href":"http:\/\/vttescapade.fr\/wp\/wp-json\/wp\/v2\/tags?post=505"}],"curies":[{"name":"wp","href":"https:\/\/api.w.org\/{rel}","templated":true}]}}