{"id":5031,"date":"2011-06-26T21:28:33","date_gmt":"2011-06-26T19:28:33","guid":{"rendered":"http:\/\/vttescapade.fr\/wp\/?p=5356"},"modified":"2017-01-16T10:11:37","modified_gmt":"2017-01-16T09:11:37","slug":"cotes-gasconnes-2011","status":"publish","type":"page","link":"http:\/\/vttescapade.fr\/wp\/gps\/dans-le-coin\/bonrepos-fontenilles\/cotes-gasconnes-2011\/","title":{"rendered":"Cotes Gasconnes 2011"},"content":{"rendered":"<p style=\"text-align: justify;\"><a href=\"http:\/\/vttescapade.fr\/wp\/wp-content\/upload\/2008\/09\/GPS_Orange.png\"><img loading=\"lazy\" decoding=\"async\" class=\"alignleft wp-image-8987\" src=\"http:\/\/vttescapade.fr\/wp\/wp-content\/upload\/2008\/09\/GPS_Orange-128x120.png\" alt=\"GPS_Orange\" width=\"41\" height=\"38\"><\/a>Voici la trace de la rando des cotes gasconnes \u00e9dition 2011 sous le cagnard ! Un trac\u00e9 original jusqu&#8217;\u00e0 l&#8217;Isle Jourdain et les abords de la&nbsp;Save avant de remonter vers des secteurs plus habituels.<\/p>\n<p>Fontenilles (31) &nbsp; &nbsp;50km \/ 800m D+ <img loading=\"lazy\" decoding=\"async\" title=\"recit\" src=\"http:\/\/vttescapade.fr\/wp\/wp-content\/upload\/2009\/06\/recit.jpg\" alt=\"recit\" width=\"40\" height=\"40\"><\/p>\n<strong>CG 2011<\/strong> (40) - (T\u00e9l\u00e9chargement soumis \u00e0 abonnement pr\u00e9alable)\n<p><iframe loading=\"lazy\" src=\"http:\/\/www.gpx-view.com\/gpx.php?f=http:\/\/vttescapade.fr\/wp\/wp-content\/download\/gpx\/01\/cg2011.gpx&amp;mw=700\" name=\"GPX-View\" width=\"700\" height=\"600\" frameborder=\"0\" marginwidth=\"0\" marginheight=\"0\" scrolling=\"no\"><\/iframe><br \/>\n<span style=\"font-size: xx-small;\">L\u2019usage de FireFox est recommand\u00e9 pour l\u2019affichage sous GeoPortail.<\/span><\/p>\n<p><!-- a href=\"http:\/\/vttescapade.fr\/wp\/wp-content\/download\/gpx\/02\/ilestmartin.gpx\" --><\/p>\n","protected":false},"excerpt":{"rendered":"<p>Voici la trace de la rando des cotes gasconnes \u00e9dition 2011 sous le cagnard ! Un trac\u00e9 original jusqu&#8217;\u00e0 l&#8217;Isle Jourdain et les abords de la&nbsp;Save avant de remonter vers des secteurs plus habituels. Fontenilles (31) &nbsp; &nbsp;50km \/ 800m D+ L\u2019usage de FireFox est\u2026 <a class=\"continue-reading-link\" href=\"http:\/\/vttescapade.fr\/wp\/gps\/dans-le-coin\/bonrepos-fontenilles\/cotes-gasconnes-2011\/\">Et la suite &#8230;<\/a><\/p>\n","protected":false},"author":2,"featured_media":0,"parent":277,"menu_order":20110626,"comment_status":"open","ping_status":"open","template":"","meta":{"ngg_post_thumbnail":0,"footnotes":""},"categories":[7,148],"tags":[],"class_list":["post-5031","page","type-page","status-publish","hentry","category-gps","category-gpslocal"],"jetpack_shortlink":"https:\/\/wp.me\/P1xCt8-1j9","_links":{"self":[{"href":"http:\/\/vttescapade.fr\/wp\/wp-json\/wp\/v2\/pages\/5031","targetHints":{"allow":["GET"]}}],"collection":[{"href":"http:\/\/vttescapade.fr\/wp\/wp-json\/wp\/v2\/pages"}],"about":[{"href":"http:\/\/vttescapade.fr\/wp\/wp-json\/wp\/v2\/types\/page"}],"author":[{"embeddable":true,"href":"http:\/\/vttescapade.fr\/wp\/wp-json\/wp\/v2\/users\/2"}],"replies":[{"embeddable":true,"href":"http:\/\/vttescapade.fr\/wp\/wp-json\/wp\/v2\/comments?post=5031"}],"version-history":[{"count":0,"href":"http:\/\/vttescapade.fr\/wp\/wp-json\/wp\/v2\/pages\/5031\/revisions"}],"up":[{"embeddable":true,"href":"http:\/\/vttescapade.fr\/wp\/wp-json\/wp\/v2\/pages\/277"}],"wp:attachment":[{"href":"http:\/\/vttescapade.fr\/wp\/wp-json\/wp\/v2\/media?parent=5031"}],"wp:term":[{"taxonomy":"category","embeddable":true,"href":"http:\/\/vttescapade.fr\/wp\/wp-json\/wp\/v2\/categories?post=5031"},{"taxonomy":"post_tag","embeddable":true,"href":"http:\/\/vttescapade.fr\/wp\/wp-json\/wp\/v2\/tags?post=5031"}],"curies":[{"name":"wp","href":"https:\/\/api.w.org\/{rel}","templated":true}]}}