{"id":46,"date":"2008-01-28T17:00:43","date_gmt":"2008-01-28T16:00:43","guid":{"rendered":"http:\/\/vttescapade.fr\/wp\/?p=5356"},"modified":"2015-08-04T14:48:48","modified_gmt":"2015-08-04T12:48:48","slug":"pujaudran","status":"publish","type":"page","link":"http:\/\/vttescapade.fr\/wp\/gps\/dans-le-coin\/bouconne\/pujaudran\/","title":{"rendered":"Pujaudran"},"content":{"rendered":"<p><a href=\"http:\/\/vttescapade.fr\/wp\/wp-content\/upload\/2008\/09\/GPS_Orange.png\"><img loading=\"lazy\" decoding=\"async\" class=\"alignleft  wp-image-8987\" src=\"http:\/\/vttescapade.fr\/wp\/wp-content\/upload\/2008\/09\/GPS_Orange-128x120.png\" alt=\"GPS_Orange\" width=\"67\" height=\"63\" \/><\/a>Parcours depuis Pujaudran vers le Gers, ses vallons et ses superbes panoramas en passant par la for\u00eat de Bouconne et un retour via le bois de Lias. Pujaudran (31)<\/p>\n<p>26 km \/ 780m D+<\/p>\n<strong>Pujaudran<\/strong> (142) - (T\u00e9l\u00e9chargement soumis \u00e0 abonnement pr\u00e9alable)\n<p>&nbsp;<\/p>\n<p><!-- a href=\"http:\/\/vttescapade.fr\/wp\/wp-content\/download\/gpx\/01\/pujaudran.gpx\" --><\/p>\n<div style=\"text-align: center; vertical-align: middle; margin: auto;\"><iframe loading=\"lazy\" src=\"http:\/\/www.gpx-view.com\/gpx.php?f=http:\/\/vttescapade.fr\/wp\/wp-content\/download\/gpx\/01\/pujaudran.gpx&amp;mw=700\" name=\"GPX-View\" width=\"700\" height=\"600\" frameborder=\"0\" marginwidth=\"0\" marginheight=\"0\" scrolling=\"no\"><\/iframe><br \/>\n<span style=\"font-size: xx-small;\">L\u2019usage de FireFox est recommand\u00e9 pour l\u2019affichage sous GeoPortail.<\/span><\/div>\n","protected":false},"excerpt":{"rendered":"<p>Parcours depuis Pujaudran vers le Gers, ses vallons et ses superbes panoramas en passant par la for\u00eat de Bouconne et un retour via le bois de Lias. Pujaudran (31) 26 km \/ 780m D+ &nbsp; L\u2019usage de FireFox est recommand\u00e9 pour l\u2019affichage sous GeoPortail. <a class=\"continue-reading-link\" href=\"http:\/\/vttescapade.fr\/wp\/gps\/dans-le-coin\/bouconne\/pujaudran\/\">Et la suite &#8230;<\/a><\/p>\n","protected":false},"author":2,"featured_media":0,"parent":275,"menu_order":20080128,"comment_status":"open","ping_status":"open","template":"","meta":{"ngg_post_thumbnail":0,"footnotes":""},"categories":[4,7,148],"tags":[],"class_list":["post-46","page","type-page","status-publish","hentry","category-dans-le-coin","category-gps","category-gpslocal"],"jetpack_shortlink":"https:\/\/wp.me\/P1xCt8-K","_links":{"self":[{"href":"http:\/\/vttescapade.fr\/wp\/wp-json\/wp\/v2\/pages\/46","targetHints":{"allow":["GET"]}}],"collection":[{"href":"http:\/\/vttescapade.fr\/wp\/wp-json\/wp\/v2\/pages"}],"about":[{"href":"http:\/\/vttescapade.fr\/wp\/wp-json\/wp\/v2\/types\/page"}],"author":[{"embeddable":true,"href":"http:\/\/vttescapade.fr\/wp\/wp-json\/wp\/v2\/users\/2"}],"replies":[{"embeddable":true,"href":"http:\/\/vttescapade.fr\/wp\/wp-json\/wp\/v2\/comments?post=46"}],"version-history":[{"count":0,"href":"http:\/\/vttescapade.fr\/wp\/wp-json\/wp\/v2\/pages\/46\/revisions"}],"up":[{"embeddable":true,"href":"http:\/\/vttescapade.fr\/wp\/wp-json\/wp\/v2\/pages\/275"}],"wp:attachment":[{"href":"http:\/\/vttescapade.fr\/wp\/wp-json\/wp\/v2\/media?parent=46"}],"wp:term":[{"taxonomy":"category","embeddable":true,"href":"http:\/\/vttescapade.fr\/wp\/wp-json\/wp\/v2\/categories?post=46"},{"taxonomy":"post_tag","embeddable":true,"href":"http:\/\/vttescapade.fr\/wp\/wp-json\/wp\/v2\/tags?post=46"}],"curies":[{"name":"wp","href":"https:\/\/api.w.org\/{rel}","templated":true}]}}