{"id":438,"date":"2009-02-05T17:21:51","date_gmt":"2009-02-05T16:21:51","guid":{"rendered":"http:\/\/vttescapade.fr\/wp\/?p=5356"},"modified":"2015-01-05T10:02:23","modified_gmt":"2015-01-05T09:02:23","slug":"barigoude-plaisance-var03","status":"publish","type":"page","link":"http:\/\/vttescapade.fr\/wp\/gps\/dans-le-coin\/plaisance-du-touch\/barigoude-plaisance-var03\/","title":{"rendered":"Barigoude Plaisance (var03)"},"content":{"rendered":"<p><a href=\"http:\/\/vttescapade.fr\/wp\/wp-content\/upload\/2008\/10\/GPS_Green.png\"><img loading=\"lazy\" decoding=\"async\" class=\"alignleft  wp-image-8980\" src=\"http:\/\/vttescapade.fr\/wp\/wp-content\/upload\/2008\/10\/GPS_Green-128x120.png\" alt=\"GPS_Green\" width=\"62\" height=\"58\" \/><\/a>Encore un parcours alternatif depuis la Barigoude vers Plaisance via Tournefeuille (&amp; pistes cyclables) pour un retour plus classique \u00a0le long du Touch ..<\/p>\n<p>Toulouse (31) \u00a0 \u00a0 26km \/ 100m D+ \u00a0 \u00a0<strong>barigoude Tournefeuille<\/strong> (17) - (T\u00e9l\u00e9chargement soumis \u00e0 abonnement pr\u00e9alable)<\/p>\n<p><!-- a href=\"http:\/\/vttescapade.fr\/wp\/wp-content\/download\/gpx\/01\/bartournefeuille.gpx\" --><\/p>\n<div style=\"text-align: center; vertical-align: middle; margin: auto;\"><iframe loading=\"lazy\" src=\"http:\/\/www.gpx-view.com\/gpx.php?f=http:\/\/vttescapade.fr\/wp\/wp-content\/download\/gpx\/01\/bartournefeuille.gpx&amp;mw=700\" name=\"GPX-View\" width=\"700\" height=\"600\" frameborder=\"0\" marginwidth=\"0\" marginheight=\"0\" scrolling=\"no\"><\/iframe><br \/>\n<span style=\"font-size: xx-small;\">L\u2019usage de FireFox est recommand\u00e9 pour l\u2019affichage sous GeoPortail.<\/span><\/div>\n","protected":false},"excerpt":{"rendered":"<p>Encore un parcours alternatif depuis la Barigoude vers Plaisance via Tournefeuille (&amp; pistes cyclables) pour un retour plus classique \u00a0le long du Touch .. Toulouse (31) \u00a0 \u00a0 26km \/ 100m D+ \u00a0 \u00a0 L\u2019usage de FireFox est recommand\u00e9 pour l\u2019affichage sous GeoPortail. <a class=\"continue-reading-link\" href=\"http:\/\/vttescapade.fr\/wp\/gps\/dans-le-coin\/plaisance-du-touch\/barigoude-plaisance-var03\/\">Et la suite &#8230;<\/a><\/p>\n","protected":false},"author":2,"featured_media":0,"parent":276,"menu_order":20090402,"comment_status":"open","ping_status":"open","template":"","meta":{"ngg_post_thumbnail":0,"footnotes":""},"categories":[4,7,148],"tags":[],"class_list":["post-438","page","type-page","status-publish","hentry","category-dans-le-coin","category-gps","category-gpslocal"],"jetpack_shortlink":"https:\/\/wp.me\/P1xCt8-74","_links":{"self":[{"href":"http:\/\/vttescapade.fr\/wp\/wp-json\/wp\/v2\/pages\/438","targetHints":{"allow":["GET"]}}],"collection":[{"href":"http:\/\/vttescapade.fr\/wp\/wp-json\/wp\/v2\/pages"}],"about":[{"href":"http:\/\/vttescapade.fr\/wp\/wp-json\/wp\/v2\/types\/page"}],"author":[{"embeddable":true,"href":"http:\/\/vttescapade.fr\/wp\/wp-json\/wp\/v2\/users\/2"}],"replies":[{"embeddable":true,"href":"http:\/\/vttescapade.fr\/wp\/wp-json\/wp\/v2\/comments?post=438"}],"version-history":[{"count":0,"href":"http:\/\/vttescapade.fr\/wp\/wp-json\/wp\/v2\/pages\/438\/revisions"}],"up":[{"embeddable":true,"href":"http:\/\/vttescapade.fr\/wp\/wp-json\/wp\/v2\/pages\/276"}],"wp:attachment":[{"href":"http:\/\/vttescapade.fr\/wp\/wp-json\/wp\/v2\/media?parent=438"}],"wp:term":[{"taxonomy":"category","embeddable":true,"href":"http:\/\/vttescapade.fr\/wp\/wp-json\/wp\/v2\/categories?post=438"},{"taxonomy":"post_tag","embeddable":true,"href":"http:\/\/vttescapade.fr\/wp\/wp-json\/wp\/v2\/tags?post=438"}],"curies":[{"name":"wp","href":"https:\/\/api.w.org\/{rel}","templated":true}]}}