{"id":366,"date":"2008-11-13T16:29:35","date_gmt":"2008-11-13T15:29:35","guid":{"rendered":"http:\/\/vttescapade.fr\/wp\/?p=5356"},"modified":"2017-01-16T08:26:37","modified_gmt":"2017-01-16T07:26:37","slug":"barigoude-colomiers","status":"publish","type":"page","link":"http:\/\/vttescapade.fr\/wp\/gps\/dans-le-coin\/plaisance-du-touch\/barigoude-colomiers\/","title":{"rendered":"Barigoude Colomiers"},"content":{"rendered":"<p><a href=\"http:\/\/vttescapade.fr\/wp\/wp-content\/upload\/2008\/10\/GPS_Green.png\"><img loading=\"lazy\" decoding=\"async\" class=\"alignleft wp-image-8980\" src=\"http:\/\/vttescapade.fr\/wp\/wp-content\/upload\/2008\/10\/GPS_Green-128x120.png\" alt=\"GPS_Green\" width=\"64\" height=\"60\"><\/a>Parcours de la Barigoude vers Colomiers jusqu&#8217;aux berges de l&#8217;Aussonelle pas si loin que \u00e7a de Bouconne. De beaux secteurs de VTT en pleine nature contournant l&#8217;urbanisation f\u00e9roce et le bitume&#8230;<\/p>\n<p>Toulouse (31) &nbsp; &nbsp; &nbsp;26km \/ 400m D+<\/p>\n<strong>TLS Barigoude Colomiers<\/strong> (47) - (T\u00e9l\u00e9chargement soumis \u00e0 abonnement pr\u00e9alable)\n<p><!-- a href=\"http:\/\/vttescapade.fr\/wp\/wp-content\/download\/gpx\/01\/barcolomiers.gpx\" --><\/p>\n<div style=\"text-align: center; vertical-align: middle; margin: auto;\"><iframe loading=\"lazy\" src=\"http:\/\/www.gpx-view.com\/gpx.php?f=http:\/\/vttescapade.fr\/wp\/wp-content\/download\/gpx\/01\/barcolomiers.gpx&amp;mw=700\" name=\"GPX-View\" width=\"700\" height=\"600\" frameborder=\"0\" marginwidth=\"0\" marginheight=\"0\" scrolling=\"no\"><\/iframe><br \/>\n<span style=\"font-size: xx-small;\">L\u2019usage de FireFox est recommand\u00e9 pour l\u2019affichage sous GeoPortail.<\/span><\/div>\n","protected":false},"excerpt":{"rendered":"<p>Parcours de la Barigoude vers Colomiers jusqu&#8217;aux berges de l&#8217;Aussonelle pas si loin que \u00e7a de Bouconne. De beaux secteurs de VTT en pleine nature contournant l&#8217;urbanisation f\u00e9roce et le bitume&#8230; Toulouse (31) &nbsp; &nbsp; &nbsp;26km \/ 400m D+ L\u2019usage de FireFox est recommand\u00e9 pour\u2026 <a class=\"continue-reading-link\" href=\"http:\/\/vttescapade.fr\/wp\/gps\/dans-le-coin\/plaisance-du-touch\/barigoude-colomiers\/\">Et la suite &#8230;<\/a><\/p>\n","protected":false},"author":2,"featured_media":0,"parent":276,"menu_order":20081113,"comment_status":"open","ping_status":"open","template":"","meta":{"ngg_post_thumbnail":0,"footnotes":""},"categories":[4,7,148],"tags":[],"class_list":["post-366","page","type-page","status-publish","hentry","category-dans-le-coin","category-gps","category-gpslocal"],"jetpack_shortlink":"https:\/\/wp.me\/P1xCt8-5U","_links":{"self":[{"href":"http:\/\/vttescapade.fr\/wp\/wp-json\/wp\/v2\/pages\/366","targetHints":{"allow":["GET"]}}],"collection":[{"href":"http:\/\/vttescapade.fr\/wp\/wp-json\/wp\/v2\/pages"}],"about":[{"href":"http:\/\/vttescapade.fr\/wp\/wp-json\/wp\/v2\/types\/page"}],"author":[{"embeddable":true,"href":"http:\/\/vttescapade.fr\/wp\/wp-json\/wp\/v2\/users\/2"}],"replies":[{"embeddable":true,"href":"http:\/\/vttescapade.fr\/wp\/wp-json\/wp\/v2\/comments?post=366"}],"version-history":[{"count":0,"href":"http:\/\/vttescapade.fr\/wp\/wp-json\/wp\/v2\/pages\/366\/revisions"}],"up":[{"embeddable":true,"href":"http:\/\/vttescapade.fr\/wp\/wp-json\/wp\/v2\/pages\/276"}],"wp:attachment":[{"href":"http:\/\/vttescapade.fr\/wp\/wp-json\/wp\/v2\/media?parent=366"}],"wp:term":[{"taxonomy":"category","embeddable":true,"href":"http:\/\/vttescapade.fr\/wp\/wp-json\/wp\/v2\/categories?post=366"},{"taxonomy":"post_tag","embeddable":true,"href":"http:\/\/vttescapade.fr\/wp\/wp-json\/wp\/v2\/tags?post=366"}],"curies":[{"name":"wp","href":"https:\/\/api.w.org\/{rel}","templated":true}]}}