{"id":3618,"date":"2010-08-31T12:47:51","date_gmt":"2010-08-31T11:47:51","guid":{"rendered":"http:\/\/vttescapade.fr\/wp\/?p=5356"},"modified":"2014-04-24T21:54:15","modified_gmt":"2014-04-24T19:54:15","slug":"hawaii-de-waikiki-a-diamond-head","status":"publish","type":"page","link":"http:\/\/vttescapade.fr\/wp\/gps\/parcours-lointains\/hawaii-de-waikiki-a-diamond-head\/","title":{"rendered":"Hawaii &#8211; Waikiki Beach"},"content":{"rendered":"<p><a href=\"http:\/\/vttescapade.fr\/wp\/wp-content\/upload\/2008\/10\/GPS_Green.png\"><img loading=\"lazy\" decoding=\"async\" class=\"alignleft  wp-image-8980\" src=\"http:\/\/vttescapade.fr\/wp\/wp-content\/upload\/2008\/10\/GPS_Green-128x120.png\" alt=\"GPS_Green\" width=\"76\" height=\"71\" \/><\/a>trip sur Oahu et honolulu depuis Waikiki sur les bords de plage et des joggeurs puis des surfeurs ! poursuite du p\u00e9riple vers le site de Diamond head en suivant le litorral. Ambiance festive et am\u00e9ricaine assur\u00e9e sous le soleil et le fun!<\/p>\n<p>Oahu (Hawaii)\u00a0\u00a0\u00a0\u00a0\u00a0\u00a0\u00a0 20km \/ 200m D+ <a href=\"\/wp\/?p=3586\"><img loading=\"lazy\" decoding=\"async\" title=\"recit\" src=\"http:\/\/vttescapade.fr\/wp\/wp-content\/upload\/2009\/06\/recit.jpg\" alt=\"recit\" width=\"40\" height=\"40\" \/><\/a> <a href=\"\/wp\/?page_id=3586\"><img loading=\"lazy\" decoding=\"async\" title=\"film\" src=\"http:\/\/vttescapade.fr\/wp\/wp-content\/upload\/2009\/06\/film.jpg\" alt=\"film\" width=\"40\" height=\"40\" \/><\/a>\u00a0\u00a0\u00a0\u00a0\u00a0\u00a0 <strong>Waikiki beach<\/strong> (6) - (T\u00e9l\u00e9chargement soumis \u00e0 abonnement pr\u00e9alable)<\/p>\n<p><!-- a href=\"http:\/\/vttescapade.fr\/wp\/wp-content\/download\/gpx\/04\/Halaekala.gpx\" --><\/p>\n<div style=\"text-align: center; vertical-align: middle; margin: auto;\"><iframe loading=\"lazy\" src=\"http:\/\/www.gpx-view.com\/gpx.php?f=http:\/\/vttescapade.fr\/wp\/wp-content\/download\/gpx\/04\/waikiki.gpx&amp;mw=700\" name=\"GPX-View\" width=\"700\" height=\"600\" frameborder=\"0\" marginwidth=\"0\" marginheight=\"0\" scrolling=\"no\"><\/iframe><br \/>\n<span style=\"font-size: xx-small;\">L\u2019usage de FireFox est recommand\u00e9 pour l\u2019affichage sous GeoPortail.<\/span><\/div>\n","protected":false},"excerpt":{"rendered":"<p>trip sur Oahu et honolulu depuis Waikiki sur les bords de plage et des joggeurs puis des surfeurs ! poursuite du p\u00e9riple vers le site de Diamond head en suivant le litorral. Ambiance festive et am\u00e9ricaine assur\u00e9e sous le soleil et le fun! Oahu (Hawaii)\u00a0\u00a0\u00a0\u00a0\u00a0\u00a0\u00a0\u2026 <a class=\"continue-reading-link\" href=\"http:\/\/vttescapade.fr\/wp\/gps\/parcours-lointains\/hawaii-de-waikiki-a-diamond-head\/\">Et la suite &#8230;<\/a><\/p>\n","protected":false},"author":2,"featured_media":0,"parent":227,"menu_order":20100825,"comment_status":"open","ping_status":"open","template":"","meta":{"ngg_post_thumbnail":0,"footnotes":""},"categories":[7,151,142],"tags":[],"class_list":["post-3618","page","type-page","status-publish","hentry","category-gps","category-gpslointain","category-trips-lointains"],"jetpack_shortlink":"https:\/\/wp.me\/P1xCt8-Wm","_links":{"self":[{"href":"http:\/\/vttescapade.fr\/wp\/wp-json\/wp\/v2\/pages\/3618","targetHints":{"allow":["GET"]}}],"collection":[{"href":"http:\/\/vttescapade.fr\/wp\/wp-json\/wp\/v2\/pages"}],"about":[{"href":"http:\/\/vttescapade.fr\/wp\/wp-json\/wp\/v2\/types\/page"}],"author":[{"embeddable":true,"href":"http:\/\/vttescapade.fr\/wp\/wp-json\/wp\/v2\/users\/2"}],"replies":[{"embeddable":true,"href":"http:\/\/vttescapade.fr\/wp\/wp-json\/wp\/v2\/comments?post=3618"}],"version-history":[{"count":0,"href":"http:\/\/vttescapade.fr\/wp\/wp-json\/wp\/v2\/pages\/3618\/revisions"}],"up":[{"embeddable":true,"href":"http:\/\/vttescapade.fr\/wp\/wp-json\/wp\/v2\/pages\/227"}],"wp:attachment":[{"href":"http:\/\/vttescapade.fr\/wp\/wp-json\/wp\/v2\/media?parent=3618"}],"wp:term":[{"taxonomy":"category","embeddable":true,"href":"http:\/\/vttescapade.fr\/wp\/wp-json\/wp\/v2\/categories?post=3618"},{"taxonomy":"post_tag","embeddable":true,"href":"http:\/\/vttescapade.fr\/wp\/wp-json\/wp\/v2\/tags?post=3618"}],"curies":[{"name":"wp","href":"https:\/\/api.w.org\/{rel}","templated":true}]}}