{"id":263,"date":"2008-09-08T06:45:33","date_gmt":"2008-09-08T05:45:33","guid":{"rendered":"http:\/\/vttescapade.fr\/wp\/?p=5356"},"modified":"2017-01-16T10:08:10","modified_gmt":"2017-01-16T09:08:10","slug":"cotes-gascones-2006","status":"publish","type":"page","link":"http:\/\/vttescapade.fr\/wp\/gps\/dans-le-coin\/bonrepos-fontenilles\/cotes-gascones-2006\/","title":{"rendered":"Cotes gascones 2006"},"content":{"rendered":"<p style=\"text-align: justify;\"><a href=\"http:\/\/vttescapade.fr\/wp\/wp-content\/upload\/2008\/09\/GPS_Orange.png\"><img loading=\"lazy\" decoding=\"async\" class=\"alignleft  wp-image-8987\" src=\"http:\/\/vttescapade.fr\/wp\/wp-content\/upload\/2008\/09\/GPS_Orange-128x120.png\" alt=\"GPS_Orange\" width=\"58\" height=\"54\"><\/a>Organis\u00e9 par le dynamique club de Fontenilles, les Cotes Gasconnes &#8211; \u00e9dition 2006 (Attention aux portions de circuits en zones priv\u00e9es et qui ne sont pas forc\u00e9ment praticables en dehors du jour J, pri\u00e8re de se renseigner avant d&#8217;emprunter ce parcours tel que.<\/p>\n<p>Fontenilles (31) &nbsp; 54km \/ 900m D+<\/p>\n<strong>Cotes Gasconnes 06<\/strong> (41) - (T\u00e9l\u00e9chargement soumis \u00e0 abonnement pr\u00e9alable)\n<p><!-- a href=\"http:\/\/vttescapade.fr\/wp\/wp-content\/download\/gpx\/01\/fontenilles06.gpx\" --><\/p>\n<div style=\"text-align: center; vertical-align: middle; margin: auto;\"><iframe loading=\"lazy\" src=\"http:\/\/www.gpx-view.com\/gpx.php?f=http:\/\/vttescapade.fr\/wp\/wp-content\/download\/gpx\/01\/fontenilles06.gpx&amp;mw=700\" name=\"GPX-View\" width=\"700\" height=\"600\" frameborder=\"0\" marginwidth=\"0\" marginheight=\"0\" scrolling=\"no\"><\/iframe><br \/>\n<span style=\"font-size: xx-small;\">L\u2019usage de FireFox est recommand\u00e9 pour l\u2019affichage sous GeoPortail.<\/span><\/div>\n","protected":false},"excerpt":{"rendered":"<p>Organis\u00e9 par le dynamique club de Fontenilles, les Cotes Gasconnes &#8211; \u00e9dition 2006 (Attention aux portions de circuits en zones priv\u00e9es et qui ne sont pas forc\u00e9ment praticables en dehors du jour J, pri\u00e8re de se renseigner avant d&#8217;emprunter ce parcours tel que. Fontenilles (31)\u2026 <a class=\"continue-reading-link\" href=\"http:\/\/vttescapade.fr\/wp\/gps\/dans-le-coin\/bonrepos-fontenilles\/cotes-gascones-2006\/\">Et la suite &#8230;<\/a><\/p>\n","protected":false},"author":2,"featured_media":0,"parent":277,"menu_order":0,"comment_status":"open","ping_status":"open","template":"","meta":{"ngg_post_thumbnail":0,"footnotes":""},"categories":[4,7,148],"tags":[],"class_list":["post-263","page","type-page","status-publish","hentry","category-dans-le-coin","category-gps","category-gpslocal"],"jetpack_shortlink":"https:\/\/wp.me\/P1xCt8-4f","_links":{"self":[{"href":"http:\/\/vttescapade.fr\/wp\/wp-json\/wp\/v2\/pages\/263","targetHints":{"allow":["GET"]}}],"collection":[{"href":"http:\/\/vttescapade.fr\/wp\/wp-json\/wp\/v2\/pages"}],"about":[{"href":"http:\/\/vttescapade.fr\/wp\/wp-json\/wp\/v2\/types\/page"}],"author":[{"embeddable":true,"href":"http:\/\/vttescapade.fr\/wp\/wp-json\/wp\/v2\/users\/2"}],"replies":[{"embeddable":true,"href":"http:\/\/vttescapade.fr\/wp\/wp-json\/wp\/v2\/comments?post=263"}],"version-history":[{"count":0,"href":"http:\/\/vttescapade.fr\/wp\/wp-json\/wp\/v2\/pages\/263\/revisions"}],"up":[{"embeddable":true,"href":"http:\/\/vttescapade.fr\/wp\/wp-json\/wp\/v2\/pages\/277"}],"wp:attachment":[{"href":"http:\/\/vttescapade.fr\/wp\/wp-json\/wp\/v2\/media?parent=263"}],"wp:term":[{"taxonomy":"category","embeddable":true,"href":"http:\/\/vttescapade.fr\/wp\/wp-json\/wp\/v2\/categories?post=263"},{"taxonomy":"post_tag","embeddable":true,"href":"http:\/\/vttescapade.fr\/wp\/wp-json\/wp\/v2\/tags?post=263"}],"curies":[{"name":"wp","href":"https:\/\/api.w.org\/{rel}","templated":true}]}}