{"id":219,"date":"2008-07-27T11:11:03","date_gmt":"2008-07-27T10:11:03","guid":{"rendered":"http:\/\/vttescapade.fr\/wp\/?p=5356"},"modified":"2016-03-08T17:51:27","modified_gmt":"2016-03-08T16:51:27","slug":"capitouls-11","status":"publish","type":"page","link":"http:\/\/vttescapade.fr\/wp\/gps\/escapades-en-france\/gruissan-et-ses-environs\/capitouls-11\/","title":{"rendered":"Boucle des Capitouls"},"content":{"rendered":"<p><a href=\"http:\/\/vttescapade.fr\/wp\/wp-content\/upload\/2008\/03\/GPS_Blue.png\"><img loading=\"lazy\" decoding=\"async\" class=\"alignleft  wp-image-8974\" src=\"http:\/\/vttescapade.fr\/wp\/wp-content\/upload\/2008\/03\/GPS_Blue-128x120.png\" alt=\"GPS_Blue\" width=\"61\" height=\"57\" \/><\/a>Une boucle originale dans le massif de la Clape par le domaine des Capitouls du cot\u00e9 de Gruissan.<\/p>\n<p>Gruissan (11)\u00a0\u00a0 22km\u00a0\u00a0 200m\u00a0\u00a0 D+<\/p>\n<strong>Gruissan Capitouls<\/strong> (54) - (T\u00e9l\u00e9chargement soumis \u00e0 abonnement pr\u00e9alable)\n<p><!-- a href=\"http:\/\/vttescapade.fr\/wp\/wp-content\/download\/gpx\/02\/capitouls.gpx\" --><\/p>\n<div style=\"text-align: center; vertical-align: middle; margin: auto;\"><iframe loading=\"lazy\" src=\"http:\/\/www.gpx-view.com\/gpx.php?f=http:\/\/vttescapade.fr\/wp\/wp-content\/download\/gpx\/02\/capitouls.gpx&amp;mw=700\" name=\"GPX-View\" width=\"700\" height=\"600\" frameborder=\"0\" marginwidth=\"0\" marginheight=\"0\" scrolling=\"no\"><\/iframe><br \/>\n<span style=\"font-size: xx-small;\">L\u2019usage de FireFox est recommand\u00e9 pour l\u2019affichage sous GeoPortail.<\/span><\/div>\n","protected":false},"excerpt":{"rendered":"<p>Une boucle originale dans le massif de la Clape par le domaine des Capitouls du cot\u00e9 de Gruissan. Gruissan (11)\u00a0\u00a0 22km\u00a0\u00a0 200m\u00a0\u00a0 D+ L\u2019usage de FireFox est recommand\u00e9 pour l\u2019affichage sous GeoPortail. <a class=\"continue-reading-link\" href=\"http:\/\/vttescapade.fr\/wp\/gps\/escapades-en-france\/gruissan-et-ses-environs\/capitouls-11\/\">Et la suite &#8230;<\/a><\/p>\n","protected":false},"author":2,"featured_media":0,"parent":700,"menu_order":56,"comment_status":"open","ping_status":"open","template":"","meta":{"ngg_post_thumbnail":0,"footnotes":""},"categories":[141,7,157],"tags":[],"class_list":["post-219","page","type-page","status-publish","hentry","category-escapades-en-france","category-gps","category-gpsfrance"],"jetpack_shortlink":"https:\/\/wp.me\/P1xCt8-3x","_links":{"self":[{"href":"http:\/\/vttescapade.fr\/wp\/wp-json\/wp\/v2\/pages\/219","targetHints":{"allow":["GET"]}}],"collection":[{"href":"http:\/\/vttescapade.fr\/wp\/wp-json\/wp\/v2\/pages"}],"about":[{"href":"http:\/\/vttescapade.fr\/wp\/wp-json\/wp\/v2\/types\/page"}],"author":[{"embeddable":true,"href":"http:\/\/vttescapade.fr\/wp\/wp-json\/wp\/v2\/users\/2"}],"replies":[{"embeddable":true,"href":"http:\/\/vttescapade.fr\/wp\/wp-json\/wp\/v2\/comments?post=219"}],"version-history":[{"count":0,"href":"http:\/\/vttescapade.fr\/wp\/wp-json\/wp\/v2\/pages\/219\/revisions"}],"up":[{"embeddable":true,"href":"http:\/\/vttescapade.fr\/wp\/wp-json\/wp\/v2\/pages\/700"}],"wp:attachment":[{"href":"http:\/\/vttescapade.fr\/wp\/wp-json\/wp\/v2\/media?parent=219"}],"wp:term":[{"taxonomy":"category","embeddable":true,"href":"http:\/\/vttescapade.fr\/wp\/wp-json\/wp\/v2\/categories?post=219"},{"taxonomy":"post_tag","embeddable":true,"href":"http:\/\/vttescapade.fr\/wp\/wp-json\/wp\/v2\/tags?post=219"}],"curies":[{"name":"wp","href":"https:\/\/api.w.org\/{rel}","templated":true}]}}