{"id":11788,"date":"2014-10-07T07:49:57","date_gmt":"2014-10-07T05:49:57","guid":{"rendered":"http:\/\/vttescapade.fr\/wp\/?page_id=11788"},"modified":"2017-01-12T19:19:22","modified_gmt":"2017-01-12T18:19:22","slug":"calvetout-2014","status":"publish","type":"page","link":"http:\/\/vttescapade.fr\/wp\/gps\/escapades-en-france\/region-tarn-tarn-garonne\/calvetout-2014\/","title":{"rendered":"Calvetout 2014"},"content":{"rendered":"<p><a href=\"http:\/\/vttescapade.fr\/wp\/wp-content\/upload\/2008\/09\/GPS_Red2.png\"><img loading=\"lazy\" decoding=\"async\" class=\"alignleft wp-image-8988\" src=\"http:\/\/vttescapade.fr\/wp\/wp-content\/upload\/2008\/09\/GPS_Red2-128x120.png\" alt=\"GPS_Red2\" width=\"46\" height=\"43\"><\/a>Parcours de la 10i\u00e9me \u00e9dition de la rando la Calvetout \u00e0 Saint F\u00e9rr\u00e9ol. de belles bosses en montagne noire . parcours plutot bien exigeant.<\/p>\n<p>St F\u00e9rr\u00e9ol (81)<\/p>\n<p>47km \/ 1450m D+<\/p>\n<strong>Calvetout 2014<\/strong> (11) - (T\u00e9l\u00e9chargement soumis \u00e0 abonnement pr\u00e9alable)\n<p><!-- a href=\"http:\/\/vttescapade.fr\/wp\/wp-content\/download\/gpx\/02\/47kmCalvetout_2014.gpx\" --><\/p>\n<div style=\"text-align: center; vertical-align: middle; margin: auto;\"><iframe loading=\"lazy\" src=\"http:\/\/www.gpx-view.com\/gpx.php?f=http:\/\/vttescapade.fr\/wp\/wp-content\/download\/gpx\/02\/47kmCalvetout_2014.gpx&amp;mw=700\" name=\"GPX-View\" width=\"700\" height=\"600\" frameborder=\"0\" marginwidth=\"0\" marginheight=\"0\" scrolling=\"no\"><\/iframe><br \/>\n<span style=\"font-size: xx-small;\">L\u2019usage de FireFox est recommand\u00e9 pour l\u2019affichage sous GeoPortail.<\/span><\/div>\n","protected":false},"excerpt":{"rendered":"<p>Parcours de la 10i\u00e9me \u00e9dition de la rando la Calvetout \u00e0 Saint F\u00e9rr\u00e9ol. de belles bosses en montagne noire . parcours plutot bien exigeant. St F\u00e9rr\u00e9ol (81) 47km \/ 1450m D+ L\u2019usage de FireFox est recommand\u00e9 pour l\u2019affichage sous GeoPortail. <a class=\"continue-reading-link\" href=\"http:\/\/vttescapade.fr\/wp\/gps\/escapades-en-france\/region-tarn-tarn-garonne\/calvetout-2014\/\">Et la suite &#8230;<\/a><\/p>\n","protected":false},"author":2,"featured_media":0,"parent":2889,"menu_order":20141005,"comment_status":"open","ping_status":"open","template":"","meta":{"ngg_post_thumbnail":0,"footnotes":""},"categories":[157],"tags":[],"class_list":["post-11788","page","type-page","status-publish","hentry","category-gpsfrance"],"jetpack_shortlink":"https:\/\/wp.me\/P1xCt8-348","_links":{"self":[{"href":"http:\/\/vttescapade.fr\/wp\/wp-json\/wp\/v2\/pages\/11788","targetHints":{"allow":["GET"]}}],"collection":[{"href":"http:\/\/vttescapade.fr\/wp\/wp-json\/wp\/v2\/pages"}],"about":[{"href":"http:\/\/vttescapade.fr\/wp\/wp-json\/wp\/v2\/types\/page"}],"author":[{"embeddable":true,"href":"http:\/\/vttescapade.fr\/wp\/wp-json\/wp\/v2\/users\/2"}],"replies":[{"embeddable":true,"href":"http:\/\/vttescapade.fr\/wp\/wp-json\/wp\/v2\/comments?post=11788"}],"version-history":[{"count":0,"href":"http:\/\/vttescapade.fr\/wp\/wp-json\/wp\/v2\/pages\/11788\/revisions"}],"up":[{"embeddable":true,"href":"http:\/\/vttescapade.fr\/wp\/wp-json\/wp\/v2\/pages\/2889"}],"wp:attachment":[{"href":"http:\/\/vttescapade.fr\/wp\/wp-json\/wp\/v2\/media?parent=11788"}],"wp:term":[{"taxonomy":"category","embeddable":true,"href":"http:\/\/vttescapade.fr\/wp\/wp-json\/wp\/v2\/categories?post=11788"},{"taxonomy":"post_tag","embeddable":true,"href":"http:\/\/vttescapade.fr\/wp\/wp-json\/wp\/v2\/tags?post=11788"}],"curies":[{"name":"wp","href":"https:\/\/api.w.org\/{rel}","templated":true}]}}